{"id":2802,"date":"2022-11-07T13:50:58","date_gmt":"2022-11-07T12:50:58","guid":{"rendered":"https:\/\/fundacjapronautis.pl\/?page_id=2802"},"modified":"2022-11-08T16:15:47","modified_gmt":"2022-11-08T15:15:47","slug":"co-to-jest-hipoterapia","status":"publish","type":"page","link":"https:\/\/fundacjapronautis.pl\/index.php\/osrodek-hipoterapii-przyjazna-przystan\/co-to-jest-hipoterapia\/","title":{"rendered":"Co to jest hipoterapia?"},"content":{"rendered":"\t\t<div data-elementor-type=\"wp-page\" data-elementor-id=\"2802\" class=\"elementor elementor-2802\">\n\t\t\t\t\t\t\t\t\t<section class=\"elementor-section elementor-top-section elementor-element elementor-element-8eb92b5 elementor-section-boxed elementor-section-height-default elementor-section-height-default\" data-id=\"8eb92b5\" data-element_type=\"section\">\n\t\t\t\t\t\t<div class=\"elementor-container elementor-column-gap-default\">\n\t\t\t\t\t<div class=\"elementor-column elementor-col-100 elementor-top-column elementor-element elementor-element-c488ea5\" data-id=\"c488ea5\" data-element_type=\"column\">\n\t\t\t<div class=\"elementor-widget-wrap elementor-element-populated\">\n\t\t\t\t\t\t\t\t<div class=\"elementor-element elementor-element-1708416 elementor-widget elementor-widget-text-editor\" data-id=\"1708416\" data-element_type=\"widget\" data-widget_type=\"text-editor.default\">\n\t\t\t\t<div class=\"elementor-widget-container\">\n\t\t\t<style>\/*! elementor - v3.10.0 - 09-01-2023 *\/\n.elementor-widget-text-editor.elementor-drop-cap-view-stacked .elementor-drop-cap{background-color:#818a91;color:#fff}.elementor-widget-text-editor.elementor-drop-cap-view-framed .elementor-drop-cap{color:#818a91;border:3px solid;background-color:transparent}.elementor-widget-text-editor:not(.elementor-drop-cap-view-default) .elementor-drop-cap{margin-top:8px}.elementor-widget-text-editor:not(.elementor-drop-cap-view-default) .elementor-drop-cap-letter{width:1em;height:1em}.elementor-widget-text-editor .elementor-drop-cap{float:left;text-align:center;line-height:1;font-size:50px}.elementor-widget-text-editor .elementor-drop-cap-letter{display:inline-block}<\/style>\t\t\t\t<p><strong>Hipoterapia <\/strong>jest jedn\u0105 z form rehabilitacji os\u00f3b niepe\u0142nosprawnych, kt\u00f3rej specyfika zwi\u0105zana jest z obecno\u015bci\u0105 konia jako wsp\u00f3\u0142terapeuty. Jest to metoda, kt\u00f3ra dzi\u0119ki oddzia\u0142uj\u0105cym wielop\u0142aszczyznowo w\u0142a\u015bciwo\u015bciom terapeutycznym konia pozwala na popraw\u0119 stanu zdrowia i funkcjonowania w r\u00f3\u017cnych sferach.<\/p><p><strong>ODDZIA\u0141YWANIE HIPOTERAPII<\/strong><\/p><p><strong>1. Sfera fizyczna<\/strong> \u2013 podnoszenie og\u00f3lnej sprawno\u015bci, normalizacja napi\u0119cia mi\u0119\u015bniowego; torowanie prawid\u0142owego wzorca chodu; poprawa koordynacyjnych zdolno\u015bci motorycznych, g\u0142\u00f3wnie r\u00f3wnowagi i poczucia rytmu; poprawa orientacji w przestrzeni i schemacie w\u0142asnego cia\u0142a; stymulacja i normalizacja czucia g\u0142\u0119bokiego i powierzchniowego.<\/p><p><strong>2. Sfera emocjonalno-motywacyjna<\/strong> \u2013 wzrost motywacji i akceptacji procesu terapeutycznego; zwi\u0119kszenie poczucia w\u0142asnej warto\u015bci; zmniejszenie zaburze\u0144 emocjonalnych.<\/p><p><strong>3. Sfera poznawcza<\/strong> \u2013 stymulacja odbioru wra\u017ce\u0144 zmys\u0142owych; poprawa percepcji wzrokowej i s\u0142uchowej; stymulacja uwagi, pami\u0119ci, my\u015blenia, mowy; nabywanie i rozwijanie nowych umiej\u0119tno\u015bci.<\/p><p><strong>4. Sfera spo\u0142eczna<\/strong> \u2013 aktywizacja psychospo\u0142eczna, nabywanie i rozwijanie kompetencji spo\u0142ecznych, rozwijanie pozytywnych relacji spo\u0142ecznych.<\/p>\t\t\t\t\t\t<\/div>\n\t\t\t\t<\/div>\n\t\t\t\t<div class=\"elementor-element elementor-element-dccb5de elementor-icon-list--layout-traditional elementor-list-item-link-full_width elementor-widget elementor-widget-icon-list\" data-id=\"dccb5de\" data-element_type=\"widget\" data-widget_type=\"icon-list.default\">\n\t\t\t\t<div class=\"elementor-widget-container\">\n\t\t\t<link rel=\"stylesheet\" href=\"https:\/\/fundacjapronautis.pl\/wp-content\/plugins\/elementor\/assets\/css\/widget-icon-list.min.css\">\t\t<ul class=\"elementor-icon-list-items\">\n\t\t\t\t\t\t\t<li class=\"elementor-icon-list-item\">\n\t\t\t\t\t\t\t\t\t\t\t<span class=\"elementor-icon-list-icon\">\n\t\t\t\t\t\t\t<i aria-hidden=\"true\" class=\"fas fa-check\"><\/i>\t\t\t\t\t\t<\/span>\n\t\t\t\t\t\t\t\t\t\t<span class=\"elementor-icon-list-text\">popraw\u0119 a nawet kszta\u0142towanie prawid\u0142owego wzorca ruchowego chodu,<\/span>\n\t\t\t\t\t\t\t\t\t<\/li>\n\t\t\t\t\t\t\t\t<li class=\"elementor-icon-list-item\">\n\t\t\t\t\t\t\t\t\t\t\t<span class=\"elementor-icon-list-icon\">\n\t\t\t\t\t\t\t<i aria-hidden=\"true\" class=\"fas fa-check\"><\/i>\t\t\t\t\t\t<\/span>\n\t\t\t\t\t\t\t\t\t\t<span class=\"elementor-icon-list-text\">normalizacj\u0119 napi\u0119cia mi\u0119\u015bniowego, przeciwdzia\u0142anie przykurczom mi\u0119\u015bni i ograniczeniom ruchomo\u015bci w stawach<\/span>\n\t\t\t\t\t\t\t\t\t<\/li>\n\t\t\t\t\t\t\t\t<li class=\"elementor-icon-list-item\">\n\t\t\t\t\t\t\t\t\t\t\t<span class=\"elementor-icon-list-icon\">\n\t\t\t\t\t\t\t<i aria-hidden=\"true\" class=\"fas fa-check\"><\/i>\t\t\t\t\t\t<\/span>\n\t\t\t\t\t\t\t\t\t\t<span class=\"elementor-icon-list-text\">korygowanie wad postawy i przywr\u00f3cenie symetrii postawy cia\u0142a<\/span>\n\t\t\t\t\t\t\t\t\t<\/li>\n\t\t\t\t\t\t\t\t<li class=\"elementor-icon-list-item\">\n\t\t\t\t\t\t\t\t\t\t\t<span class=\"elementor-icon-list-icon\">\n\t\t\t\t\t\t\t<i aria-hidden=\"true\" class=\"fas fa-check\"><\/i>\t\t\t\t\t\t<\/span>\n\t\t\t\t\t\t\t\t\t\t<span class=\"elementor-icon-list-text\">zmniejszenie zaburze\u0144 r\u00f3wnowagi<\/span>\n\t\t\t\t\t\t\t\t\t<\/li>\n\t\t\t\t\t\t\t\t<li class=\"elementor-icon-list-item\">\n\t\t\t\t\t\t\t\t\t\t\t<span class=\"elementor-icon-list-icon\">\n\t\t\t\t\t\t\t<i aria-hidden=\"true\" class=\"fas fa-check\"><\/i>\t\t\t\t\t\t<\/span>\n\t\t\t\t\t\t\t\t\t\t<span class=\"elementor-icon-list-text\">popraw\u0119 koordynacji wzrokowo-ruchowej<\/span>\n\t\t\t\t\t\t\t\t\t<\/li>\n\t\t\t\t\t\t\t\t<li class=\"elementor-icon-list-item\">\n\t\t\t\t\t\t\t\t\t\t\t<span class=\"elementor-icon-list-icon\">\n\t\t\t\t\t\t\t<i aria-hidden=\"true\" class=\"fas fa-check\"><\/i>\t\t\t\t\t\t<\/span>\n\t\t\t\t\t\t\t\t\t\t<span class=\"elementor-icon-list-text\">wzrost wydolno\u015bci fizycznej<\/span>\n\t\t\t\t\t\t\t\t\t<\/li>\n\t\t\t\t\t\t\t\t<li class=\"elementor-icon-list-item\">\n\t\t\t\t\t\t\t\t\t\t\t<span class=\"elementor-icon-list-icon\">\n\t\t\t\t\t\t\t<i aria-hidden=\"true\" class=\"fas fa-check\"><\/i>\t\t\t\t\t\t<\/span>\n\t\t\t\t\t\t\t\t\t\t<span class=\"elementor-icon-list-text\">relaksacj\u0119, wyciszenie i obni\u017cenie pobudliwo\u015bci nerwowej<\/span>\n\t\t\t\t\t\t\t\t\t<\/li>\n\t\t\t\t\t\t<\/ul>\n\t\t\t\t<\/div>\n\t\t\t\t<\/div>\n\t\t\t\t<div class=\"elementor-element elementor-element-d8a683d elementor-widget elementor-widget-text-editor\" data-id=\"d8a683d\" data-element_type=\"widget\" data-widget_type=\"text-editor.default\">\n\t\t\t\t<div class=\"elementor-widget-container\">\n\t\t\t\t\t\t\t<p class=\"MsoBodyText\"><strong><span class=\"Mocnowyrniony\"><span style=\"color: #0d0910;\">Kontakt z koniem, ze zwierz\u0119ciem pi\u0119knym, du\u017cym, imponuj\u0105cym, tajemniczym, a jednocze\u015bnie przyjaznym i ch\u0119tnie wsp\u00f3\u0142pracuj\u0105cym pozwala na:<\/span><\/span><\/strong><\/p>\t\t\t\t\t\t<\/div>\n\t\t\t\t<\/div>\n\t\t\t\t<section class=\"elementor-section elementor-inner-section elementor-element elementor-element-e5c288d elementor-section-boxed elementor-section-height-default elementor-section-height-default\" data-id=\"e5c288d\" data-element_type=\"section\">\n\t\t\t\t\t\t<div class=\"elementor-container elementor-column-gap-default\">\n\t\t\t\t\t<div class=\"elementor-column elementor-col-50 elementor-inner-column elementor-element elementor-element-46901c6\" data-id=\"46901c6\" data-element_type=\"column\">\n\t\t\t<div class=\"elementor-widget-wrap elementor-element-populated\">\n\t\t\t\t\t\t\t\t<div class=\"elementor-element elementor-element-0e090d4 elementor-icon-list--layout-traditional elementor-list-item-link-full_width elementor-widget elementor-widget-icon-list\" data-id=\"0e090d4\" data-element_type=\"widget\" data-widget_type=\"icon-list.default\">\n\t\t\t\t<div class=\"elementor-widget-container\">\n\t\t\t\t\t<ul class=\"elementor-icon-list-items\">\n\t\t\t\t\t\t\t<li class=\"elementor-icon-list-item\">\n\t\t\t\t\t\t\t\t\t\t\t<span class=\"elementor-icon-list-icon\">\n\t\t\t\t\t\t\t<i aria-hidden=\"true\" class=\"fas fa-check\"><\/i>\t\t\t\t\t\t<\/span>\n\t\t\t\t\t\t\t\t\t\t<span class=\"elementor-icon-list-text\">popraw\u0119 poczucia w\u0142asnej warto\u015bci<\/span>\n\t\t\t\t\t\t\t\t\t<\/li>\n\t\t\t\t\t\t\t\t<li class=\"elementor-icon-list-item\">\n\t\t\t\t\t\t\t\t\t\t\t<span class=\"elementor-icon-list-icon\">\n\t\t\t\t\t\t\t<i aria-hidden=\"true\" class=\"fas fa-check\"><\/i>\t\t\t\t\t\t<\/span>\n\t\t\t\t\t\t\t\t\t\t<span class=\"elementor-icon-list-text\">zwi\u0119kszenie motywacji do pracy nad pokonywaniem swojej choroby i wynikaj\u0105cych z niej ogranicze\u0144, zwi\u0119kszenie motywacji do wysi\u0142ku i systematyczno\u015bci potrzebnych w rehabilitacji (co jest szczeg\u00f3lnie wa\u017cne u dzieci)<\/span>\n\t\t\t\t\t\t\t\t\t<\/li>\n\t\t\t\t\t\t\t\t<li class=\"elementor-icon-list-item\">\n\t\t\t\t\t\t\t\t\t\t\t<span class=\"elementor-icon-list-icon\">\n\t\t\t\t\t\t\t<i aria-hidden=\"true\" class=\"fas fa-check\"><\/i>\t\t\t\t\t\t<\/span>\n\t\t\t\t\t\t\t\t\t\t<span class=\"elementor-icon-list-text\">kszta\u0142towanie poczucia sprawstwa (bycia sprawc\u0105 dzia\u0142a\u0144) oraz osi\u0105ganie coraz wi\u0119kszej samodzielno\u015bci<\/span>\n\t\t\t\t\t\t\t\t\t<\/li>\n\t\t\t\t\t\t<\/ul>\n\t\t\t\t<\/div>\n\t\t\t\t<\/div>\n\t\t\t\t\t<\/div>\n\t\t<\/div>\n\t\t\t\t<div class=\"elementor-column elementor-col-50 elementor-inner-column elementor-element elementor-element-c041eb3\" data-id=\"c041eb3\" data-element_type=\"column\">\n\t\t\t<div class=\"elementor-widget-wrap elementor-element-populated\">\n\t\t\t\t\t\t\t\t<div class=\"elementor-element elementor-element-6983140 elementor-icon-list--layout-traditional elementor-list-item-link-full_width elementor-widget elementor-widget-icon-list\" data-id=\"6983140\" data-element_type=\"widget\" data-widget_type=\"icon-list.default\">\n\t\t\t\t<div class=\"elementor-widget-container\">\n\t\t\t\t\t<ul class=\"elementor-icon-list-items\">\n\t\t\t\t\t\t\t<li class=\"elementor-icon-list-item\">\n\t\t\t\t\t\t\t\t\t\t\t<span class=\"elementor-icon-list-icon\">\n\t\t\t\t\t\t\t<i aria-hidden=\"true\" class=\"fas fa-check\"><\/i>\t\t\t\t\t\t<\/span>\n\t\t\t\t\t\t\t\t\t\t<span class=\"elementor-icon-list-text\">prze\u0142amywanie l\u0119ku i opor\u00f3w przed kontaktem z otoczeniem spo\u0142ecznym,<\/span>\n\t\t\t\t\t\t\t\t\t<\/li>\n\t\t\t\t\t\t\t\t<li class=\"elementor-icon-list-item\">\n\t\t\t\t\t\t\t\t\t\t\t<span class=\"elementor-icon-list-icon\">\n\t\t\t\t\t\t\t<i aria-hidden=\"true\" class=\"fas fa-check\"><\/i>\t\t\t\t\t\t<\/span>\n\t\t\t\t\t\t\t\t\t\t<span class=\"elementor-icon-list-text\">zwi\u0119kszenie motywacji do nawi\u0105zywania bli\u017cszego kontaktu i poprawy komunikacji ze \u015bwiatem, poprawa zachowa\u0144 spo\u0142ecznych<\/span>\n\t\t\t\t\t\t\t\t\t<\/li>\n\t\t\t\t\t\t\t\t<li class=\"elementor-icon-list-item\">\n\t\t\t\t\t\t\t\t\t\t\t<span class=\"elementor-icon-list-icon\">\n\t\t\t\t\t\t\t<i aria-hidden=\"true\" class=\"fas fa-check\"><\/i>\t\t\t\t\t\t<\/span>\n\t\t\t\t\t\t\t\t\t\t<span class=\"elementor-icon-list-text\">kszta\u0142towanie wra\u017cliwo\u015bci, odpowiedzialno\u015bci, opieku\u0144czo\u015bci i innych po\u017c\u0105danych zachowa\u0144 spo\u0142ecznych.<\/span>\n\t\t\t\t\t\t\t\t\t<\/li>\n\t\t\t\t\t\t<\/ul>\n\t\t\t\t<\/div>\n\t\t\t\t<\/div>\n\t\t\t\t\t<\/div>\n\t\t<\/div>\n\t\t\t\t\t\t\t<\/div>\n\t\t<\/section>\n\t\t\t\t<div class=\"elementor-element elementor-element-2276f7b elementor-widget elementor-widget-text-editor\" data-id=\"2276f7b\" data-element_type=\"widget\" data-widget_type=\"text-editor.default\">\n\t\t\t\t<div class=\"elementor-widget-container\">\n\t\t\t\t\t\t\t<p>Dla os\u00f3b niechodz\u0105cych, kt\u00f3re poruszaj\u0105 si\u0119 wy\u0142\u0105cznie na w\u00f3zkach inwalidzkich w statycznej pozycji siedz\u0105cej, jazda na koniu to cz\u0119sto pierwsze i jedyne do\u015bwiadczenie ruchu tych partii cia\u0142a, kt\u00f3re pracuj\u0105 podczas prawid\u0142owego chodzenia. Ponadto to do\u015bwiadczenie jest zapami\u0119tywane przez m\u00f3zg i w ten spos\u00f3b najlepiej przygotowuje i stymuluje uk\u0142ad nerwowy, mi\u0119\u015bnie, stawy i \u015bci\u0119gna do rozpocz\u0119cia pr\u00f3b samodzielnego chodzenia. Hipoterapia pozwala tak\u017ce na osi\u0105gni\u0119cie poprawy w zakresie orientacji w przestrzeni oraz w schemacie w\u0142asnego cia\u0142a. Przede wszystkim jednak \u2013 poprzez odczuwan\u0105 rado\u015b\u0107 i satysfakcj\u0119 w kontakcie z koniem \u2013 pacjenci znajduj\u0105 motywacj\u0119 do prze\u0142amywania swoich barier ograniczaj\u0105cych im kontakt ze \u015bwiatem, barier fizycznych i psychicznych, motywacj\u0119 do pracy, do \u0107wicze\u0144 i wysi\u0142ku.<\/p>\t\t\t\t\t\t<\/div>\n\t\t\t\t<\/div>\n\t\t\t\t\t<\/div>\n\t\t<\/div>\n\t\t\t\t\t\t\t<\/div>\n\t\t<\/section>\n\t\t\t\t\t\t\t<\/div>\n\t\t","protected":false},"excerpt":{"rendered":"<p>Hipoterapia jest jedn\u0105 z form rehabilitacji os\u00f3b niepe\u0142nosprawnych, kt\u00f3rej specyfika zwi\u0105zana jest z obecno\u015bci\u0105 konia jako wsp\u00f3\u0142terapeuty. Jest to metoda, kt\u00f3ra dzi\u0119ki oddzia\u0142uj\u0105cym wielop\u0142aszczyznowo w\u0142a\u015bciwo\u015bciom terapeutycznym konia pozwala na popraw\u0119 stanu zdrowia i funkcjonowania w r\u00f3\u017cnych sferach. ODDZIA\u0141YWANIE HIPOTERAPII 1. Sfera fizyczna \u2013 podnoszenie og\u00f3lnej sprawno\u015bci, normalizacja napi\u0119cia mi\u0119\u015bniowego; torowanie.<\/p>\n","protected":false},"author":1,"featured_media":0,"parent":2795,"menu_order":2,"comment_status":"closed","ping_status":"closed","template":"","meta":[],"_links":{"self":[{"href":"https:\/\/fundacjapronautis.pl\/index.php\/wp-json\/wp\/v2\/pages\/2802"}],"collection":[{"href":"https:\/\/fundacjapronautis.pl\/index.php\/wp-json\/wp\/v2\/pages"}],"about":[{"href":"https:\/\/fundacjapronautis.pl\/index.php\/wp-json\/wp\/v2\/types\/page"}],"author":[{"embeddable":true,"href":"https:\/\/fundacjapronautis.pl\/index.php\/wp-json\/wp\/v2\/users\/1"}],"replies":[{"embeddable":true,"href":"https:\/\/fundacjapronautis.pl\/index.php\/wp-json\/wp\/v2\/comments?post=2802"}],"version-history":[{"count":10,"href":"https:\/\/fundacjapronautis.pl\/index.php\/wp-json\/wp\/v2\/pages\/2802\/revisions"}],"predecessor-version":[{"id":2966,"href":"https:\/\/fundacjapronautis.pl\/index.php\/wp-json\/wp\/v2\/pages\/2802\/revisions\/2966"}],"up":[{"embeddable":true,"href":"https:\/\/fundacjapronautis.pl\/index.php\/wp-json\/wp\/v2\/pages\/2795"}],"wp:attachment":[{"href":"https:\/\/fundacjapronautis.pl\/index.php\/wp-json\/wp\/v2\/media?parent=2802"}],"curies":[{"name":"wp","href":"https:\/\/api.w.org\/{rel}","templated":true}]}}