{"id":2807,"date":"2022-11-07T13:54:30","date_gmt":"2022-11-07T12:54:30","guid":{"rendered":"https:\/\/fundacjapronautis.pl\/?page_id=2807"},"modified":"2022-11-08T15:50:37","modified_gmt":"2022-11-08T14:50:37","slug":"zapisy-na-zajecia","status":"publish","type":"page","link":"https:\/\/fundacjapronautis.pl\/index.php\/osrodek-hipoterapii-przyjazna-przystan\/zapisy-na-zajecia\/","title":{"rendered":"Zapisy na zaj\u0119cia"},"content":{"rendered":"\t\t<div data-elementor-type=\"wp-page\" data-elementor-id=\"2807\" class=\"elementor elementor-2807\">\n\t\t\t\t\t\t\t\t\t<section class=\"elementor-section elementor-top-section elementor-element elementor-element-d26878e elementor-section-boxed elementor-section-height-default elementor-section-height-default\" data-id=\"d26878e\" data-element_type=\"section\">\n\t\t\t\t\t\t<div class=\"elementor-container elementor-column-gap-default\">\n\t\t\t\t\t<div class=\"elementor-column elementor-col-100 elementor-top-column elementor-element elementor-element-7f2af01\" data-id=\"7f2af01\" data-element_type=\"column\">\n\t\t\t<div class=\"elementor-widget-wrap elementor-element-populated\">\n\t\t\t\t\t\t\t\t<div class=\"elementor-element elementor-element-162a519 elementor-widget elementor-widget-text-editor\" data-id=\"162a519\" data-element_type=\"widget\" data-widget_type=\"text-editor.default\">\n\t\t\t\t<div class=\"elementor-widget-container\">\n\t\t\t<style>\/*! elementor - v3.10.0 - 09-01-2023 *\/\n.elementor-widget-text-editor.elementor-drop-cap-view-stacked .elementor-drop-cap{background-color:#818a91;color:#fff}.elementor-widget-text-editor.elementor-drop-cap-view-framed .elementor-drop-cap{color:#818a91;border:3px solid;background-color:transparent}.elementor-widget-text-editor:not(.elementor-drop-cap-view-default) .elementor-drop-cap{margin-top:8px}.elementor-widget-text-editor:not(.elementor-drop-cap-view-default) .elementor-drop-cap-letter{width:1em;height:1em}.elementor-widget-text-editor .elementor-drop-cap{float:left;text-align:center;line-height:1;font-size:50px}.elementor-widget-text-editor .elementor-drop-cap-letter{display:inline-block}<\/style>\t\t\t\t<p>Fundacja prowadzi zaj\u0119cia dla os\u00f3b z niepe\u0142nosprawno\u015bciami w ramach projekt\u00f3w finansowanych ze \u015brodk\u00f3w publicznych i odp\u0142atnie. S\u0105 to zaj\u0119cia hipoterapii, terapii z koniem i psychopedagogicznej jazdy konnej dla os\u00f3b z niepe\u0142nosprawno\u015bciami.<\/p><p>Podstaw\u0105 przyj\u0119cia na zaj\u0119cia w ramach projekt\u00f3w jest dostarczenie orzeczenia o niepe\u0142nosprawno\u015bci oraz uzupe\u0142nionej dokumentacji kwalifikuj\u0105cej wraz ze zgod\u0105 lekarza specjalisty na udzia\u0142 w hipoterapii\/je\u017adzie konnej \u2013 odpowiednie formularze mo\u017cna odebra\u0107 w biurze O\u015brodka Hipoterapii lub \u015bci\u0105gn\u0105\u0107 z tej strony (patrz poni\u017cej). W przypadku zaj\u0119\u0107 odp\u0142atnych nie jest wymagane orzeczenie. Po dostarczeniu dokument\u00f3w osoba zainteresowana jest wpisywana na list\u0119 oczekuj\u0105cych na miejsce w projekcie. Z osobami z tej listy kontaktujemy si\u0119 telefonicznie sami.<\/p><p><a href=\"http:\/\/www.hejkoniku.org.pl\/wp-content\/uploads\/2021\/12\/karta-zgloszeniowa.pdf\"><strong>KARTA ZG\u0141OSZENIOWA<\/strong><\/a> \u2013 do wype\u0142nienia przez rodzica\/opiekuna<\/p><p><a href=\"http:\/\/www.hejkoniku.org.pl\/wp-content\/uploads\/2021\/12\/karta-kwalifikacyjna.pdf\"><strong>KARTA KWALIFIKACYJNA<\/strong><\/a> \u2013 do wype\u0142nienia przez lekarza (lekarz mo\u017ce skierowa\u0107 na dodatkowe konsultacje specjalistyczne (<a href=\"http:\/\/www.hejkoniku.org.pl\/wp-content\/uploads\/2021\/12\/karta-kwalifikacyjna-ortopeda.pdf\">ortopeda<\/a>,\u00a0<a href=\"http:\/\/www.hejkoniku.org.pl\/wp-content\/uploads\/2021\/12\/karta-kwalifikacyjna-neurolog.pdf\">neurolog<\/a>), mog\u0105 te\u017c o nie poprosi\u0107 pracownicy o\u015brodka).<\/p><p><a href=\"http:\/\/www.hejkoniku.org.pl\/wp-content\/uploads\/2021\/12\/karta-kwalifikacyjna-ortopeda.pdf\"><strong>KARTA DO ORTOPEDY<\/strong><\/a> \u2013 niewymagana przy zapisach, chyba \u017ce lekarz zadecydowa\u0142 inaczej<\/p><p><a href=\"http:\/\/www.hejkoniku.org.pl\/wp-content\/uploads\/2021\/12\/karta-kwalifikacyjna-neurolog.pdf\"><strong>KARTA DO NEUROLOGA<\/strong><\/a> \u2013 niewymagana przy zapisach, chyba \u017ce lekarz zadecydowa\u0142 inaczej<\/p><p><a href=\"http:\/\/www.hejkoniku.org.pl\/wp-content\/uploads\/2022\/06\/karta-psycholog.pdf\"><strong>KARTA DO PSYCHOLOGA<\/strong><\/a> \u2013 wype\u0142niana na pro\u015bb\u0119 hipoterapeuty prowadz\u0105cego<\/p><p><strong>\u00a0<\/strong><\/p>\t\t\t\t\t\t<\/div>\n\t\t\t\t<\/div>\n\t\t\t\t\t<\/div>\n\t\t<\/div>\n\t\t\t\t\t\t\t<\/div>\n\t\t<\/section>\n\t\t\t\t\t\t\t<\/div>\n\t\t","protected":false},"excerpt":{"rendered":"<p>Fundacja prowadzi zaj\u0119cia dla os\u00f3b z niepe\u0142nosprawno\u015bciami w ramach projekt\u00f3w finansowanych ze \u015brodk\u00f3w publicznych i odp\u0142atnie. S\u0105 to zaj\u0119cia hipoterapii, terapii z koniem i psychopedagogicznej jazdy konnej dla os\u00f3b z niepe\u0142nosprawno\u015bciami. Podstaw\u0105 przyj\u0119cia na zaj\u0119cia w ramach projekt\u00f3w jest dostarczenie orzeczenia o niepe\u0142nosprawno\u015bci oraz uzupe\u0142nionej dokumentacji kwalifikuj\u0105cej wraz ze zgod\u0105.<\/p>\n","protected":false},"author":1,"featured_media":0,"parent":2795,"menu_order":4,"comment_status":"closed","ping_status":"closed","template":"","meta":[],"_links":{"self":[{"href":"https:\/\/fundacjapronautis.pl\/index.php\/wp-json\/wp\/v2\/pages\/2807"}],"collection":[{"href":"https:\/\/fundacjapronautis.pl\/index.php\/wp-json\/wp\/v2\/pages"}],"about":[{"href":"https:\/\/fundacjapronautis.pl\/index.php\/wp-json\/wp\/v2\/types\/page"}],"author":[{"embeddable":true,"href":"https:\/\/fundacjapronautis.pl\/index.php\/wp-json\/wp\/v2\/users\/1"}],"replies":[{"embeddable":true,"href":"https:\/\/fundacjapronautis.pl\/index.php\/wp-json\/wp\/v2\/comments?post=2807"}],"version-history":[{"count":4,"href":"https:\/\/fundacjapronautis.pl\/index.php\/wp-json\/wp\/v2\/pages\/2807\/revisions"}],"predecessor-version":[{"id":2950,"href":"https:\/\/fundacjapronautis.pl\/index.php\/wp-json\/wp\/v2\/pages\/2807\/revisions\/2950"}],"up":[{"embeddable":true,"href":"https:\/\/fundacjapronautis.pl\/index.php\/wp-json\/wp\/v2\/pages\/2795"}],"wp:attachment":[{"href":"https:\/\/fundacjapronautis.pl\/index.php\/wp-json\/wp\/v2\/media?parent=2807"}],"curies":[{"name":"wp","href":"https:\/\/api.w.org\/{rel}","templated":true}]}}