{"id":2874,"date":"2022-11-08T09:31:57","date_gmt":"2022-11-08T08:31:57","guid":{"rendered":"https:\/\/fundacjapronautis.pl\/?page_id=2874"},"modified":"2023-04-18T16:44:41","modified_gmt":"2023-04-18T14:44:41","slug":"partnerzy","status":"publish","type":"page","link":"https:\/\/fundacjapronautis.pl\/index.php\/o-fundacji\/partnerzy\/","title":{"rendered":"Partnerzy"},"content":{"rendered":"\t\t<div data-elementor-type=\"wp-page\" data-elementor-id=\"2874\" class=\"elementor elementor-2874\">\n\t\t\t\t\t\t\t\t\t<section class=\"elementor-section elementor-top-section elementor-element elementor-element-4cd46da elementor-section-boxed elementor-section-height-default elementor-section-height-default\" data-id=\"4cd46da\" data-element_type=\"section\">\n\t\t\t\t\t\t<div class=\"elementor-container elementor-column-gap-default\">\n\t\t\t\t\t<div class=\"elementor-column elementor-col-100 elementor-top-column elementor-element elementor-element-1eba064\" data-id=\"1eba064\" data-element_type=\"column\">\n\t\t\t<div class=\"elementor-widget-wrap\">\n\t\t\t\t\t\t\t\t\t<\/div>\n\t\t<\/div>\n\t\t\t\t\t\t\t<\/div>\n\t\t<\/section>\n\t\t\t\t<section class=\"elementor-section elementor-top-section elementor-element elementor-element-d816d28 elementor-section-boxed elementor-section-height-default elementor-section-height-default\" data-id=\"d816d28\" data-element_type=\"section\">\n\t\t\t\t\t\t<div class=\"elementor-container elementor-column-gap-default\">\n\t\t\t\t\t<div class=\"elementor-column elementor-col-100 elementor-top-column elementor-element elementor-element-08805cb\" data-id=\"08805cb\" data-element_type=\"column\">\n\t\t\t<div class=\"elementor-widget-wrap elementor-element-populated\">\n\t\t\t\t\t\t\t\t<div class=\"elementor-element elementor-element-e98e6c2 elementor-widget elementor-widget-image\" data-id=\"e98e6c2\" data-element_type=\"widget\" data-widget_type=\"image.default\">\n\t\t\t\t<div class=\"elementor-widget-container\">\n\t\t\t<style>\/*! elementor - v3.10.0 - 09-01-2023 *\/\n.elementor-widget-image{text-align:center}.elementor-widget-image a{display:inline-block}.elementor-widget-image a img[src$=\".svg\"]{width:48px}.elementor-widget-image img{vertical-align:middle;display:inline-block}<\/style>\t\t\t\t\t\t\t\t\t<figure class=\"wp-caption\">\n\t\t\t\t\t\t\t\t\t\t\t<a href=\"https:\/\/www.facebook.com\/animacjenawesolo.gniezno\">\n\t\t\t\t\t\t\t<img decoding=\"async\" width=\"300\" height=\"300\" src=\"https:\/\/fundacjapronautis.pl\/wp-content\/uploads\/2023\/04\/animacje-300x300.jpg\" class=\"attachment-medium size-medium wp-image-3260\" alt=\"\" loading=\"lazy\" srcset=\"https:\/\/fundacjapronautis.pl\/wp-content\/uploads\/2023\/04\/animacje-300x300.jpg 300w, https:\/\/fundacjapronautis.pl\/wp-content\/uploads\/2023\/04\/animacje-1024x1024.jpg 1024w, https:\/\/fundacjapronautis.pl\/wp-content\/uploads\/2023\/04\/animacje-150x150.jpg 150w, https:\/\/fundacjapronautis.pl\/wp-content\/uploads\/2023\/04\/animacje-768x768.jpg 768w, https:\/\/fundacjapronautis.pl\/wp-content\/uploads\/2023\/04\/animacje-330x330.jpg 330w, https:\/\/fundacjapronautis.pl\/wp-content\/uploads\/2023\/04\/animacje-180x180.jpg 180w, https:\/\/fundacjapronautis.pl\/wp-content\/uploads\/2023\/04\/animacje-400x400.jpg 400w, https:\/\/fundacjapronautis.pl\/wp-content\/uploads\/2023\/04\/animacje.jpg 1250w\" sizes=\"(max-width: 300px) 100vw, 300px\" \/>\t\t\t\t\t\t\t\t<\/a>\n\t\t\t\t\t\t\t\t\t\t\t<figcaption class=\"widget-image-caption wp-caption-text\">Animacje na weso\u0142o, z kt\u00f3r\u0105 wsp\u00f3\u0142pracujemy w ramach zaj\u0119\u0107 dla dzieci w naszej stajni<\/figcaption>\n\t\t\t\t\t\t\t\t\t\t<\/figure>\n\t\t\t\t\t\t\t\t\t<\/div>\n\t\t\t\t<\/div>\n\t\t\t\t<div class=\"elementor-element elementor-element-329470a elementor-widget elementor-widget-image\" data-id=\"329470a\" data-element_type=\"widget\" data-widget_type=\"image.default\">\n\t\t\t\t<div class=\"elementor-widget-container\">\n\t\t\t\t\t\t\t\t\t\t\t\t<figure class=\"wp-caption\">\n\t\t\t\t\t\t\t\t\t\t\t<a href=\"http:\/\/woes.pl\/\">\n\t\t\t\t\t\t\t<img decoding=\"async\" width=\"300\" height=\"215\" src=\"https:\/\/fundacjapronautis.pl\/wp-content\/uploads\/2023\/04\/WOES_pion_kol_72dpi-300x215.jpg\" class=\"attachment-medium size-medium wp-image-3243\" alt=\"\" loading=\"lazy\" srcset=\"https:\/\/fundacjapronautis.pl\/wp-content\/uploads\/2023\/04\/WOES_pion_kol_72dpi-300x215.jpg 300w, https:\/\/fundacjapronautis.pl\/wp-content\/uploads\/2023\/04\/WOES_pion_kol_72dpi-252x180.jpg 252w, https:\/\/fundacjapronautis.pl\/wp-content\/uploads\/2023\/04\/WOES_pion_kol_72dpi.jpg 355w\" sizes=\"(max-width: 300px) 100vw, 300px\" \/>\t\t\t\t\t\t\t\t<\/a>\n\t\t\t\t\t\t\t\t\t\t\t<figcaption class=\"widget-image-caption wp-caption-text\">Wielkopolski O\u015brodek Ekonomii Spo\u0142ecznej - wsparcie pomostowe, doradcze; wsparcie finansowe na tworzenie nowych miejsc pracy <\/figcaption>\n\t\t\t\t\t\t\t\t\t\t<\/figure>\n\t\t\t\t\t\t\t\t\t<\/div>\n\t\t\t\t<\/div>\n\t\t\t\t\t<\/div>\n\t\t<\/div>\n\t\t\t\t\t\t\t<\/div>\n\t\t<\/section>\n\t\t\t\t\t\t\t<\/div>\n\t\t","protected":false},"excerpt":{"rendered":"<p>Animacje na weso\u0142o, z kt\u00f3r\u0105 wsp\u00f3\u0142pracujemy w ramach zaj\u0119\u0107 dla dzieci w naszej stajni Wielkopolski O\u015brodek Ekonomii Spo\u0142ecznej &#8211; wsparcie pomostowe, doradcze; wsparcie finansowe na tworzenie nowych miejsc pracy<\/p>\n","protected":false},"author":1,"featured_media":0,"parent":2865,"menu_order":3,"comment_status":"closed","ping_status":"closed","template":"","meta":[],"_links":{"self":[{"href":"https:\/\/fundacjapronautis.pl\/index.php\/wp-json\/wp\/v2\/pages\/2874"}],"collection":[{"href":"https:\/\/fundacjapronautis.pl\/index.php\/wp-json\/wp\/v2\/pages"}],"about":[{"href":"https:\/\/fundacjapronautis.pl\/index.php\/wp-json\/wp\/v2\/types\/page"}],"author":[{"embeddable":true,"href":"https:\/\/fundacjapronautis.pl\/index.php\/wp-json\/wp\/v2\/users\/1"}],"replies":[{"embeddable":true,"href":"https:\/\/fundacjapronautis.pl\/index.php\/wp-json\/wp\/v2\/comments?post=2874"}],"version-history":[{"count":16,"href":"https:\/\/fundacjapronautis.pl\/index.php\/wp-json\/wp\/v2\/pages\/2874\/revisions"}],"predecessor-version":[{"id":3287,"href":"https:\/\/fundacjapronautis.pl\/index.php\/wp-json\/wp\/v2\/pages\/2874\/revisions\/3287"}],"up":[{"embeddable":true,"href":"https:\/\/fundacjapronautis.pl\/index.php\/wp-json\/wp\/v2\/pages\/2865"}],"wp:attachment":[{"href":"https:\/\/fundacjapronautis.pl\/index.php\/wp-json\/wp\/v2\/media?parent=2874"}],"curies":[{"name":"wp","href":"https:\/\/api.w.org\/{rel}","templated":true}]}}