{"id":2876,"date":"2022-11-08T09:35:30","date_gmt":"2022-11-08T08:35:30","guid":{"rendered":"https:\/\/fundacjapronautis.pl\/?page_id=2876"},"modified":"2026-01-13T08:41:13","modified_gmt":"2026-01-13T07:41:13","slug":"nasz-zespol","status":"publish","type":"page","link":"https:\/\/fundacjapronautis.pl\/index.php\/o-fundacji\/nasz-zespol\/","title":{"rendered":"Nasz zesp\u00f3\u0142"},"content":{"rendered":"\t\t<div data-elementor-type=\"wp-page\" data-elementor-id=\"2876\" class=\"elementor elementor-2876\">\n\t\t\t\t\t\t\t\t\t<section class=\"elementor-section elementor-top-section elementor-element elementor-element-9cea2df elementor-section-full_width elementor-section-stretched elementor-section-height-default elementor-section-height-default\" data-id=\"9cea2df\" data-element_type=\"section\" data-settings=\"{&quot;background_background&quot;:&quot;classic&quot;,&quot;stretch_section&quot;:&quot;section-stretched&quot;}\">\n\t\t\t\t\t\t<div class=\"elementor-container elementor-column-gap-default\">\n\t\t\t\t\t<div class=\"elementor-column elementor-col-100 elementor-top-column elementor-element elementor-element-af6135b\" data-id=\"af6135b\" data-element_type=\"column\">\n\t\t\t<div class=\"elementor-widget-wrap elementor-element-populated\">\n\t\t\t\t\t\t\t\t<div class=\"elementor-element elementor-element-ef562bb elementor-widget elementor-widget-heading\" data-id=\"ef562bb\" data-element_type=\"widget\" data-widget_type=\"heading.default\">\n\t\t\t\t<div class=\"elementor-widget-container\">\n\t\t\t<style>\/*! elementor - v3.10.0 - 09-01-2023 *\/\n.elementor-heading-title{padding:0;margin:0;line-height:1}.elementor-widget-heading .elementor-heading-title[class*=elementor-size-]>a{color:inherit;font-size:inherit;line-height:inherit}.elementor-widget-heading .elementor-heading-title.elementor-size-small{font-size:15px}.elementor-widget-heading .elementor-heading-title.elementor-size-medium{font-size:19px}.elementor-widget-heading .elementor-heading-title.elementor-size-large{font-size:29px}.elementor-widget-heading .elementor-heading-title.elementor-size-xl{font-size:39px}.elementor-widget-heading .elementor-heading-title.elementor-size-xxl{font-size:59px}<\/style><h4 class=\"elementor-heading-title elementor-size-default\">NASZ ZESP\u00d3\u0141<\/h4>\t\t<\/div>\n\t\t\t\t<\/div>\n\t\t\t\t<div class=\"elementor-element elementor-element-2b29fcd elementor-widget__width-initial elementor-widget-mobile__width-initial elementor-invisible elementor-widget elementor-widget-heading\" data-id=\"2b29fcd\" data-element_type=\"widget\" data-settings=\"{&quot;_animation&quot;:&quot;fadeIn&quot;,&quot;_animation_mobile&quot;:&quot;none&quot;}\" data-widget_type=\"heading.default\">\n\t\t\t\t<div class=\"elementor-widget-container\">\n\t\t\t<h2 class=\"elementor-heading-title elementor-size-default\">Poznaj Nas!<\/h2>\t\t<\/div>\n\t\t\t\t<\/div>\n\t\t\t\t\t<\/div>\n\t\t<\/div>\n\t\t\t\t\t\t\t<\/div>\n\t\t<\/section>\n\t\t\t\t<section class=\"elementor-section elementor-top-section elementor-element elementor-element-39f0b7c overflow elementor-section-boxed elementor-section-height-default elementor-section-height-default\" data-id=\"39f0b7c\" data-element_type=\"section\">\n\t\t\t\t\t\t<div class=\"elementor-container elementor-column-gap-default\">\n\t\t\t\t\t<div class=\"elementor-column elementor-col-100 elementor-top-column elementor-element elementor-element-aafba6e\" data-id=\"aafba6e\" data-element_type=\"column\">\n\t\t\t<div class=\"elementor-widget-wrap elementor-element-populated\">\n\t\t\t\t\t\t\t\t<div class=\"elementor-element elementor-element-1d6af91 elementor-widget elementor-widget-UltimateTeams\" data-id=\"1d6af91\" data-element_type=\"widget\" data-widget_type=\"UltimateTeams.default\">\n\t\t\t\t<div class=\"elementor-widget-container\">\n\t\t\t\r\n\t<div class=\"team__custom__style\">\r\n\t\t<div class=\"ultimate-team-carousel team-normal-grid\" >\r\n\t\t\t\r\n\t\t\t\t<div class=\"single__team\"><div class=\"member__thumb\"><img decoding=\"async\" src=\"https:\/\/fundacjapronautis.pl\/wp-content\/uploads\/2023\/05\/IMG_4880-200x300.jpg\" alt=\"Nasz zesp\u00f3\u0142\" \/><\/div>\r\n\t\t\t\t    <div class=\"member__content__wrap\">\r\n\t\t\t\t\t\t\t<div class=\"member__name__designation\">\r\n\t\t\t\t\t\t\t\t\t<h4 class=\"member__name\">Robert Nawrocki<\/h4>\r\n\t\t\t\t\t\t\t\t\t<p class=\"member__designation\">Prezes fundacji <\/p>\r\n\t\t\t\t\t\t\t<\/div>\r\n\t\t\t\t\t\t    <div class=\"member__content\"><div class=\"member__description\"><p>Prezes fundacji \u2013 pedagog, wychowawca, profilaktyk, trener Treningu Zast\u0119powania Agresji i specjalista terapii uzale\u017cnie\u0144 z wieloletnim do\u015bwiadczeniem. Hipoterapeuta i zoofizjoterapeuta koni. Posiadam wieloletnie do\u015bwiadczenie w pracy z osobami do\u015bwiadczaj\u0105cymi trudno\u015bci w codziennym funkcjonowaniu, b\u0119d\u0105cymi w kryzysie, ale tak\u017ce z osobami, kt\u00f3rym trudno wprowadza\u0107 zmiany w \u017cyciu lub ich rezultaty nie s\u0105 satysfakcjonuj\u0105ce. Ponadto uko\u0144czy\u0142em studia podyplomowe o kierunku negocjator sytuacji kryzysowy i policyjnych. W pracy bliskie jest mi podej\u015bcie humanistyczne i Dialog Motywuj\u0105cy. <\/p>\n<div class=\"wiecej\"><a href=\"https:\/\/fundacjapronautis.pl\/index.php\/o-fundacji\/nasz-zespol\/robert-nawrocki\">wi\u0119cej<\/a><\/div>\n<\/div>\r\n\t\t\t\t\t\t\t<\/div>\r\n\t\t\t\t\t<\/div>\r\n\t\t\t\t<\/div>\r\n\t\t\t\t<div class=\"single__team\"><div class=\"member__thumb\"><img decoding=\"async\" src=\"https:\/\/fundacjapronautis.pl\/wp-content\/uploads\/2023\/04\/ANNA-NAWROCKA-225x300.jpg\" alt=\"Nasz zesp\u00f3\u0142\" \/><\/div>\r\n\t\t\t\t    <div class=\"member__content__wrap\">\r\n\t\t\t\t\t\t\t<div class=\"member__name__designation\">\r\n\t\t\t\t\t\t\t\t\t<h4 class=\"member__name\">Anna Nawrocka<\/h4>\r\n\t\t\t\t\t\t\t\t\t<p class=\"member__designation\">Cz\u0142onek zarz\u0105du fundacji<\/p>\r\n\t\t\t\t\t\t\t<\/div>\r\n\t\t\t\t\t\t    <div class=\"member__content\"><div class=\"member__description\"><p>Osoba posiadaj\u0105ca ponad 10 letnie do\u015bwiadczenie w koordynowaniu i rozliczaniu dotacji ze \u015brodk\u00f3w publicznych oraz \u015brodk\u00f3w unijnych, posiada wy\u017csze wykszta\u0142cenie na kierunku socjoligii, uzupe\u0142nione o studia podyplomowe z zakresu pozyskiwania i rozliczania funduszy unijnych, public ralation, HR i zarz\u0105dzania zasobami ludzkimi. <\/p>\n<div class=\"wiecej\"><a href=\"https:\/\/fundacjapronautis.pl\/index.php\/o-fundacji\/nasz-zespol\/anna-nawrocka\">wi\u0119cej<\/a><\/div>\n<\/div>\r\n\t\t\t\t\t\t\t<\/div>\r\n\t\t\t\t\t<\/div>\r\n\t\t\t\t<\/div>\r\n\t\t\t\t<div class=\"single__team\"><div class=\"member__thumb\"><img decoding=\"async\" src=\"https:\/\/fundacjapronautis.pl\/wp-content\/uploads\/2022\/11\/Piotr-Polakowski-253x300.webp\" alt=\"Nasz zesp\u00f3\u0142\" \/><\/div>\r\n\t\t\t\t    <div class=\"member__content__wrap\">\r\n\t\t\t\t\t\t\t<div class=\"member__name__designation\">\r\n\t\t\t\t\t\t\t\t\t<h4 class=\"member__name\">Piotr Polakowski<\/h4>\r\n\t\t\t\t\t\t\t\t\t<p class=\"member__designation\">Radca Prawny<\/p>\r\n\t\t\t\t\t\t\t<\/div>\r\n\t\t\t\t\t\t    <div class=\"member__content\"><div class=\"member__description\"><p>Radca prawny i absolwent Wydzia\u0142u Prawa i Administracji Uniwersytetu im. Adama Mickiewicza w Poznaniu. Od 2017 jest cz\u0142onkiem Okr\u0119gowej Izby Radc\u00f3w Prawnych w Poznaniu. Posiada praktyk\u0119 w obs\u0142udze prawnej Klient\u00f3w indywidualnych i korporacyjnych oraz jednostek samorz\u0105du terytorialnego. Specjalizuje si\u0119 w sprawach zwi\u0105zanych z prowadzeniem s\u0105dowych spor\u00f3w cywilnych i gospodarczych oraz w prawie upad\u0142o\u015bciowym. Posiada r\u00f3wnie\u017c do\u015bwiadczenie w prawie rodzinnym. Z powodzeniem reprezentuje Klient\u00f3w w sprawach o og\u0142oszenie upad\u0142o\u015bci konsumenckiej. W okresie 2014-2015 wsp\u00f3\u0142pracowa\u0142 z warszawsk\u0105 kancelari\u0105 adwokack\u0105. W latach 2016\u20132021 pracowa\u0142 w gnie\u017anie\u0144skiej kancelarii radc\u00f3w prawnych. <\/p>\n<div class=\"wiecej\"><a href=\"https:\/\/fundacjapronautis.pl\/index.php\/o-fundacji\/nasz-zespol\/piotr-polakowski-2\">wi\u0119cej<\/a><\/div>\n<\/div>\r\n\t\t\t\t\t\t\t<\/div>\r\n\t\t\t\t\t<\/div>\r\n\t\t\t\t<\/div>\r\n\t\t\t\t<div class=\"single__team\"><div class=\"member__thumb\"><img decoding=\"async\" src=\"https:\/\/fundacjapronautis.pl\/wp-content\/uploads\/2023\/04\/c8801e03-fa57-46c3-9690-61b41cca5cf6-225x300.jpg\" alt=\"Nasz zesp\u00f3\u0142\" \/><\/div>\r\n\t\t\t\t    <div class=\"member__content__wrap\">\r\n\t\t\t\t\t\t\t<div class=\"member__name__designation\">\r\n\t\t\t\t\t\t\t\t\t<h4 class=\"member__name\">Aneta M\u0119\u017cy\u0144ska-Malinger<\/h4>\r\n\t\t\t\t\t\t\t\t\t<p class=\"member__designation\">Arteterapeutka<\/p>\r\n\t\t\t\t\t\t\t<\/div>\r\n\t\t\t\t\t\t    <div class=\"member__content\"><div class=\"member__description\"><p>Uko\u0144czy\u0142a studia wy\u017csze na kierunku pedagogika z socjo i arteterapi\u0105. Na codzie\u0144 od 14 lat pracuje jako terapeuta zaj\u0119ciowy z doros\u0142ymi osobami z niepe\u0142nosprawno\u015bci\u0105 intelektualn\u0105 i autyzmem. Dodatkowo instruktor zaj\u0119\u0107 r\u0119kodzielniczych w Centum Aktywno\u015bci Spo\u0142ecznej Largo. O sobie: nie boi si\u0119 wyzwa\u0144, niesta\u0142a w zainteresowaniach, niepoprawna kociara, zwariowana, kocha odpoczywa\u0107 w ogrodzie.<\/p>\n<div class=\"wiecej\"><a href=\"https:\/\/fundacjapronautis.pl\/index.php\/o-fundacji\/nasz-zespol\/aneta-mezynska-malinger\">wi\u0119cej<\/a><\/div>\n<\/div>\r\n\t\t\t\t\t\t\t<\/div>\r\n\t\t\t\t\t<\/div>\r\n\t\t\t\t<\/div>\r\n\t\t\t\t<div class=\"single__team\"><div class=\"member__thumb\"><img decoding=\"async\" src=\"https:\/\/fundacjapronautis.pl\/wp-content\/uploads\/2023\/04\/psycholog-225x300.png\" alt=\"Nasz zesp\u00f3\u0142\" \/><\/div>\r\n\t\t\t\t    <div class=\"member__content__wrap\">\r\n\t\t\t\t\t\t\t<div class=\"member__name__designation\">\r\n\t\t\t\t\t\t\t\t\t<h4 class=\"member__name\">Magdalena Prus<\/h4>\r\n\t\t\t\t\t\t\t\t\t<p class=\"member__designation\">psycholog<\/p>\r\n\t\t\t\t\t\t\t<\/div>\r\n\t\t\t\t\t\t    <div class=\"member__content\"><div class=\"member__description\"><p>Uko\u0144czone studia psychologiczne, specjalno\u015b\u0107: psychologia kliniczna, uzupe\u0142nione na SWPS Uniwersytecie Humanistyczno Spo\u0142ecznym, studia podyplomowe \u201ePsychologia pozytywna\u201d, Uniwersytecie Ekonomicznym w Poznaniu, Wydzia\u0142 Ekonomiczny, studia podyplomowe: \u201eZarz\u0105dzanie Instytucjami Pomocy Spo\u0142ecznej\u201d, \u201eRoczny Program Rozwoju Osobistego Sta\u017c Gestalt\u201d w Instytucie Terapii Gestalt w Krakowie, Oddzia\u0142 Krakowski Polskiego Stowarzyszenia Psycholog\u00f3w Praktyk\u00f3w,  \u201ePrzygotowanie Pedagogiczne\u201d na Uniwersytecie im. Adama Mickiewicza w Poznaniu, Wydzia\u0142 Nauk Spo\u0142ecznych. Nieustannie staram si\u0119 rozwija\u0107 bior\u0105c udzia\u0142 w szkoleniach.<br \/>\nMoj\u0105 rol\u0105 jako psychologa jest aktywne i empatyczne towarzyszenie w budowaniu siebie na nowo poprzez przezwyci\u0119\u017canie w\u0142asnych traum i ogranicze\u0144. Pracuj\u0105c w r\u00f3\u017cnych plac\u00f3wkach zdoby\u0142am do\u015bwiadczenie w kontakcie z osobami z zaburzeniami psychicznymi oraz niepe\u0142nosprawno\u015bciami, ich rodzinami dotycz\u0105ce r\u00f3\u017cnych obszar\u00f3w funkcjonowania.<br \/>\nDo moich g\u0142\u00f3wnych zainteresowa\u0144 naukowych i zawodowych nale\u017cy psychologia pozytywna (badaj\u0105ca uwarunkowania szcz\u0119\u015bliwego \u017cycia), zdoby\u0142am spore do\u015bwiadczenie w korzystaniu z techniki uwa\u017cno\u015bci \u2013 mindfulness, innych technik relaksacyjnych, technik wizualizacyjnych, wykorzystuj\u0119 te\u017c elementy pracy coachingowej. W pracy z drugim cz\u0142owiekiem istotne jest dla mnie nie tylko stosowanie skutecznych metod opartych na dowodach naukowych, ale tak\u017ce indywidualne podej\u015bcie do ka\u017cdej osoby, wraz z uwzgl\u0119dnieniem szerokiego kontekstu jej funkcjonowania. Moja praktyka koncentruje si\u0119 na indywidualnym podej\u015bciu do ka\u017cdej historii. Wsp\u00f3lna praca prowadzi do wieloaspektowego zrozumienia prze\u017cywanych problem\u00f3w oraz wypracowania nowej jako\u015bci \u017cycia. W pracy z drugim cz\u0142owiekiem k\u0142ad\u0119 szczeg\u00f3lny nacisk na stworzenie bezpiecznej relacji, opartej na szacunku, otwarto\u015bci, wsp\u00f3\u0142pracy, \u017cyczliwo\u015bci i zrozumieniu. Zak\u0142adam, \u017ce ka\u017cdy ma w sobie si\u0142\u0119, by us\u0142ysze\u0107 siebie, zmienia\u0107 swoje \u017cycie na lepsze. Wierz\u0119, \u017ce mo\u017cliwe jest dostrzeganie i rozwijanie swoich zasob\u00f3w, poznawanie nowych wymiar\u00f3w swojego funkcjonowania i realizowanie swojego wewn\u0119trznego potencja\u0142u. Pracuj\u0119 wed\u0142ug najlepiej poj\u0119tych zasad etyki zawodowej, szczeg\u00f3lnie wa\u017cna jest dla mnie dyskrecja, bezpiecze\u0144stwo, poszanowanie godno\u015bci cz\u0142owieka. K\u0142ad\u0119 nacisk na szacunek do cz\u0142owieka, na pod\u0105\u017canie za nim w odkrywaniu tego, jak dalej mo\u017ce si\u0119 realizowa\u0107. <\/p>\n<div class=\"wiecej\"><a href=\"https:\/\/fundacjapronautis.pl\/index.php\/o-fundacji\/nasz-zespol\/magdalenaa-prus\">wi\u0119cej<\/a><\/div>\n<\/div>\r\n\t\t\t\t\t\t\t<\/div>\r\n\t\t\t\t\t<\/div>\r\n\t\t\t\t<\/div>\r\n\t\t\t\t<div class=\"single__team\"><div class=\"member__thumb\"><img decoding=\"async\" src=\"https:\/\/fundacjapronautis.pl\/wp-content\/uploads\/2026\/01\/julia-225x300.png\" alt=\"Nasz zesp\u00f3\u0142\" \/><\/div>\r\n\t\t\t\t    <div class=\"member__content__wrap\">\r\n\t\t\t\t\t\t\t<div class=\"member__name__designation\">\r\n\t\t\t\t\t\t\t\t\t<h4 class=\"member__name\">Julia Piotrowska<\/h4>\r\n\t\t\t\t\t\t\t\t\t<p class=\"member__designation\">Instruktorka nauki jazdy konnej<\/p>\r\n\t\t\t\t\t\t\t<\/div>\r\n\t\t\t\t\t\t    <div class=\"member__content\"><div class=\"member__description\"><p>Jej je\u017adziecka pasja zacz\u0119\u0142a si\u0119 wiele lat temu i z czasem przerodzi\u0142a si\u0119 w naturaln\u0105 drog\u0119 zawodow\u0105, prowadz\u0105c do roli instruktora jazdy konnej. Podczas zaj\u0119\u0107 stawiam na bezpiecze\u0144stwo, zrozumienie oraz indywidualne podej\u015bcie, pomagaj\u0105c je\u017ad\u017acom rozwija\u0107 umiej\u0119tno\u015bci w przyjaznej atmosferze. Wsp\u00f3lnie z przyjaci\u00f3\u0142k\u0105 stworzy\u0142am je\u017adzieck\u0105 platform\u0119 online \u201eHorse and Passion\u201d, kt\u00f3ra \u0142\u0105czy mi\u0142o\u015b\u0107 do koni z edukacj\u0105 i inspiracj\u0105 dla je\u017ad\u017ac\u00f3w.<\/p>\n<\/div>\r\n\t\t\t\t\t\t\t<\/div>\r\n\t\t\t\t\t<\/div>\r\n\t\t\t\t<\/div>\r\n\t\t\t\t<div class=\"single__team\"><div class=\"member__thumb\"><img decoding=\"async\" src=\"https:\/\/fundacjapronautis.pl\/wp-content\/uploads\/2026\/01\/justyna-225x300.png\" alt=\"Nasz zesp\u00f3\u0142\" \/><\/div>\r\n\t\t\t\t    <div class=\"member__content__wrap\">\r\n\t\t\t\t\t\t\t<div class=\"member__name__designation\">\r\n\t\t\t\t\t\t\t\t\t<h4 class=\"member__name\">Justyna Nowacka<\/h4>\r\n\t\t\t\t\t\t\t\t\t<p class=\"member__designation\">Hipoterapeutka <\/p>\r\n\t\t\t\t\t\t\t<\/div>\r\n\t\t\t\t\t\t    <div class=\"member__content\"><div class=\"member__description\"><p>Jest absolwentk\u0105 technikum hodowli koni. W swojej pracy kieruje si\u0119 empati\u0105, spokojem, zrozumieniem i indywidualnym podej\u015bciem do ka\u017cdej osoby. Szczeg\u00f3ln\u0105 uwag\u0119 po\u015bwi\u0119ca dobrostanie koni, kt\u00f3re s\u0105 nieod\u0142\u0105cznymi partnerami w procesie terapii. Z pasj\u0105 angazuje si\u0119 w rozw\u00f3j hipoterapii, wierz\u0105c, \u017ce kontakt z koniem mo\u017ce przynie\u015b\u0107 realn\u0105 zmian\u0119 w \u017cyciu ka\u017cdego cz\u0142owieka. Opr\u00f3cz zami\u0142owania do zwierz\u0105t interesuje si\u0119 tak\u017ce tematyk\u0105 medyczn\u0105. Obecnie jest uczniem Medycznego Studium Zawodowego w Gnie\u017anie na kierunku - opiekun medyczny.<br \/>\nNauka sprawia jej prawdziw\u0105 przyjemno\u015b\u0107 i ch\u0119tnie poszerza swoj\u0105 wiedz\u0119 w r\u00f3\u017cnych dziedzinach. W wolnym czasie ogl\u0105da seriale lub czytam ksi\u0105\u017cki.<\/p>\n<\/div>\r\n\t\t\t\t\t\t\t<\/div>\r\n\t\t\t\t\t<\/div>\r\n\t\t\t\t<\/div>\t\t<\/div>\r\n\t<\/div>\r\n\r\n\t\t\t<\/div>\n\t\t\t\t<\/div>\n\t\t\t\t\t<\/div>\n\t\t<\/div>\n\t\t\t\t\t\t\t<\/div>\n\t\t<\/section>\n\t\t\t\t\t\t\t<\/div>\n\t\t","protected":false},"excerpt":{"rendered":"<p>NASZ ZESP\u00d3\u0141 Poznaj Nas! Robert Nawrocki Prezes fundacji Prezes fundacji \u2013 pedagog, wychowawca, profilaktyk, trener Treningu Zast\u0119powania Agresji i specjalista terapii uzale\u017cnie\u0144 z wieloletnim do\u015bwiadczeniem. Hipoterapeuta i zoofizjoterapeuta koni. Posiadam wieloletnie do\u015bwiadczenie w pracy z osobami do\u015bwiadczaj\u0105cymi trudno\u015bci w codziennym funkcjonowaniu, b\u0119d\u0105cymi w kryzysie, ale tak\u017ce z osobami, kt\u00f3rym trudno.<\/p>\n","protected":false},"author":1,"featured_media":0,"parent":2865,"menu_order":2,"comment_status":"closed","ping_status":"closed","template":"elementor_header_footer","meta":[],"_links":{"self":[{"href":"https:\/\/fundacjapronautis.pl\/index.php\/wp-json\/wp\/v2\/pages\/2876"}],"collection":[{"href":"https:\/\/fundacjapronautis.pl\/index.php\/wp-json\/wp\/v2\/pages"}],"about":[{"href":"https:\/\/fundacjapronautis.pl\/index.php\/wp-json\/wp\/v2\/types\/page"}],"author":[{"embeddable":true,"href":"https:\/\/fundacjapronautis.pl\/index.php\/wp-json\/wp\/v2\/users\/1"}],"replies":[{"embeddable":true,"href":"https:\/\/fundacjapronautis.pl\/index.php\/wp-json\/wp\/v2\/comments?post=2876"}],"version-history":[{"count":77,"href":"https:\/\/fundacjapronautis.pl\/index.php\/wp-json\/wp\/v2\/pages\/2876\/revisions"}],"predecessor-version":[{"id":3983,"href":"https:\/\/fundacjapronautis.pl\/index.php\/wp-json\/wp\/v2\/pages\/2876\/revisions\/3983"}],"up":[{"embeddable":true,"href":"https:\/\/fundacjapronautis.pl\/index.php\/wp-json\/wp\/v2\/pages\/2865"}],"wp:attachment":[{"href":"https:\/\/fundacjapronautis.pl\/index.php\/wp-json\/wp\/v2\/media?parent=2876"}],"curies":[{"name":"wp","href":"https:\/\/api.w.org\/{rel}","templated":true}]}}