{"id":2911,"date":"2022-11-08T13:12:38","date_gmt":"2022-11-08T12:12:38","guid":{"rendered":"https:\/\/fundacjapronautis.pl\/?page_id=2911"},"modified":"2023-05-17T08:29:25","modified_gmt":"2023-05-17T06:29:25","slug":"robert-nawrocki","status":"publish","type":"page","link":"https:\/\/fundacjapronautis.pl\/index.php\/o-fundacji\/nasz-zespol\/robert-nawrocki\/","title":{"rendered":"Robert Nawrocki"},"content":{"rendered":"\t\t<div data-elementor-type=\"wp-page\" data-elementor-id=\"2911\" class=\"elementor elementor-2911\">\n\t\t\t\t\t\t\t\t\t<section class=\"elementor-section elementor-top-section elementor-element elementor-element-4e03039 elementor-section-boxed elementor-section-height-default elementor-section-height-default\" data-id=\"4e03039\" data-element_type=\"section\">\n\t\t\t\t\t\t<div class=\"elementor-container elementor-column-gap-default\">\n\t\t\t\t\t<div class=\"elementor-column elementor-col-100 elementor-top-column elementor-element elementor-element-8aea4db\" data-id=\"8aea4db\" data-element_type=\"column\">\n\t\t\t<div class=\"elementor-widget-wrap elementor-element-populated\">\n\t\t\t\t\t\t\t\t<div class=\"elementor-element elementor-element-4e9f3db elementor-widget elementor-widget-text-editor\" data-id=\"4e9f3db\" data-element_type=\"widget\" data-widget_type=\"text-editor.default\">\n\t\t\t\t<div class=\"elementor-widget-container\">\n\t\t\t<style>\/*! elementor - v3.10.0 - 09-01-2023 *\/\n.elementor-widget-text-editor.elementor-drop-cap-view-stacked .elementor-drop-cap{background-color:#818a91;color:#fff}.elementor-widget-text-editor.elementor-drop-cap-view-framed .elementor-drop-cap{color:#818a91;border:3px solid;background-color:transparent}.elementor-widget-text-editor:not(.elementor-drop-cap-view-default) .elementor-drop-cap{margin-top:8px}.elementor-widget-text-editor:not(.elementor-drop-cap-view-default) .elementor-drop-cap-letter{width:1em;height:1em}.elementor-widget-text-editor .elementor-drop-cap{float:left;text-align:center;line-height:1;font-size:50px}.elementor-widget-text-editor .elementor-drop-cap-letter{display:inline-block}<\/style>\t\t\t\t<p><span style=\"font-size: 12.0pt; font-family: 'Arial',sans-serif; mso-fareast-font-family: Calibri; mso-fareast-theme-font: minor-latin; color: black; border: none windowtext 1.0pt; mso-border-alt: none windowtext 0cm; padding: 0cm; mso-ansi-language: PL; mso-fareast-language: PL; mso-bidi-language: AR-SA;\">Prezes fundacji \u2013 pedagog, wychowawca, <\/span><span>profilaktyk, <\/span><span>trener Treningu Zast\u0119powania Agresji\u00a0<\/span><span>i<\/span><span> specjalista terapii uzale\u017cnie\u0144 z <\/span><span>wieloletnim do\u015bwiadczeniem. <\/span><span>H<\/span><span>ipoterapeuta i zoofizjoterapeuta koni.<\/span> <span>P<\/span><span>osiada<\/span><span>m<\/span> <span>wieloletnie <\/span><span><span><span><span>do\u015bwiadczenie w pracy<\/span><\/span><\/span><\/span> <span>z osobami do\u015bwiadczaj\u0105cymi trudno\u015bci w codziennym funkcjonowaniu, b\u0119d\u0105cymi w kryzysie, ale tak\u017ce z osobami, kt\u00f3rym trudno wprowadza\u0107 zmiany w \u017cyciu lub ich rezultaty nie s\u0105 satysfakcjonuj\u0105ce. <\/span><span>Ponadto uko\u0144czy\u0142<\/span><span>em<\/span><span> studia podyplomowe o kierunku negocjator sytuacji kryzysowy i policyjnych. <\/span><span><span><span><span>W pracy bliskie jest mi podej\u015bcie humanistyczne i <\/span><\/span><strong><span><span><span>Dialog Motywuj\u0105c<\/span><\/span><\/span><\/strong><\/span><strong><span><span><span><span>y.\u00a0<\/span><\/span><\/span><\/span><\/strong><\/span><\/p><p><span>Uwielbia<\/span><span>m<\/span><span> prac\u0119 z lud\u017ami i wci\u0105\u017c poszukuj<\/span><span>\u0119<\/span><span> nowych sposob\u00f3w patrzenia oraz metod, kt\u00f3re pozwalaj\u0105 lepiej i skuteczniej pomaga\u0107. Inspiruje <\/span><span>mnie<\/span><span> pomaganie drugiej osobie i bardzo lubi<\/span><span>\u0119<\/span><span> to robi\u0107. <\/span><span>Niezwyk\u0142e jest to, <\/span><span>\u017ce mog\u0119 towarzyszy\u0107 drugiej osobie w poprawianiu jej samopoczucia oraz \u017cycia osobistego. <\/span><span>Ta droga <\/span><span>jest niezwykle satysfakcjonuj\u0105c<\/span><span>a<\/span><span> \u2013 mog\u0119 przyzna\u0107 \u017ce moja pasja sta\u0142a si\u0119 moj<\/span><span>\u0105<\/span><span> prac\u0105. <\/span><span>Prywatnie jestem m\u0119\u017cem i tat\u0105. <\/span><span>Poza stajni\u0105 i ko\u0144mi u<\/span><span>wielbiam \u017ceglowa\u0107 z rodzin\u0105, <\/span><span>czyta\u0107 ksi\u0105\u017cki,<\/span><span> chodzi\u0107 po g\u00f3rach i je\u017adzi\u0107 rower<\/span><span>em<\/span><span>.<br \/><!-- [if !supportLineBreakNewLine]--><br \/><!--[endif]--><\/span><\/p>\t\t\t\t\t\t<\/div>\n\t\t\t\t<\/div>\n\t\t\t\t<div class=\"elementor-element elementor-element-34a623e elementor-widget elementor-widget-spacer\" data-id=\"34a623e\" data-element_type=\"widget\" data-widget_type=\"spacer.default\">\n\t\t\t\t<div class=\"elementor-widget-container\">\n\t\t\t<style>\/*! elementor - v3.10.0 - 09-01-2023 *\/\n.elementor-column .elementor-spacer-inner{height:var(--spacer-size)}.e-con{--container-widget-width:100%}.e-con-inner>.elementor-widget-spacer,.e-con>.elementor-widget-spacer{width:var(--container-widget-width,var(--spacer-size));--align-self:var(--container-widget-align-self,initial);--flex-shrink:0}.e-con-inner>.elementor-widget-spacer>.elementor-widget-container,.e-con-inner>.elementor-widget-spacer>.elementor-widget-container>.elementor-spacer,.e-con>.elementor-widget-spacer>.elementor-widget-container,.e-con>.elementor-widget-spacer>.elementor-widget-container>.elementor-spacer{height:100%}.e-con-inner>.elementor-widget-spacer>.elementor-widget-container>.elementor-spacer>.elementor-spacer-inner,.e-con>.elementor-widget-spacer>.elementor-widget-container>.elementor-spacer>.elementor-spacer-inner{height:var(--container-widget-height,var(--spacer-size))}<\/style>\t\t<div class=\"elementor-spacer\">\n\t\t\t<div class=\"elementor-spacer-inner\"><\/div>\n\t\t<\/div>\n\t\t\t\t<\/div>\n\t\t\t\t<\/div>\n\t\t\t\t\t<\/div>\n\t\t<\/div>\n\t\t\t\t\t\t\t<\/div>\n\t\t<\/section>\n\t\t\t\t\t\t\t<\/div>\n\t\t","protected":false},"excerpt":{"rendered":"<p>Prezes fundacji \u2013 pedagog, wychowawca, profilaktyk, trener Treningu Zast\u0119powania Agresji\u00a0i specjalista terapii uzale\u017cnie\u0144 z wieloletnim do\u015bwiadczeniem. Hipoterapeuta i zoofizjoterapeuta koni. Posiadam wieloletnie do\u015bwiadczenie w pracy z osobami do\u015bwiadczaj\u0105cymi trudno\u015bci w codziennym funkcjonowaniu, b\u0119d\u0105cymi w kryzysie, ale tak\u017ce z osobami, kt\u00f3rym trudno wprowadza\u0107 zmiany w \u017cyciu lub ich rezultaty nie s\u0105.<\/p>\n","protected":false},"author":1,"featured_media":0,"parent":2876,"menu_order":1,"comment_status":"closed","ping_status":"closed","template":"","meta":[],"_links":{"self":[{"href":"https:\/\/fundacjapronautis.pl\/index.php\/wp-json\/wp\/v2\/pages\/2911"}],"collection":[{"href":"https:\/\/fundacjapronautis.pl\/index.php\/wp-json\/wp\/v2\/pages"}],"about":[{"href":"https:\/\/fundacjapronautis.pl\/index.php\/wp-json\/wp\/v2\/types\/page"}],"author":[{"embeddable":true,"href":"https:\/\/fundacjapronautis.pl\/index.php\/wp-json\/wp\/v2\/users\/1"}],"replies":[{"embeddable":true,"href":"https:\/\/fundacjapronautis.pl\/index.php\/wp-json\/wp\/v2\/comments?post=2911"}],"version-history":[{"count":14,"href":"https:\/\/fundacjapronautis.pl\/index.php\/wp-json\/wp\/v2\/pages\/2911\/revisions"}],"predecessor-version":[{"id":3432,"href":"https:\/\/fundacjapronautis.pl\/index.php\/wp-json\/wp\/v2\/pages\/2911\/revisions\/3432"}],"up":[{"embeddable":true,"href":"https:\/\/fundacjapronautis.pl\/index.php\/wp-json\/wp\/v2\/pages\/2876"}],"wp:attachment":[{"href":"https:\/\/fundacjapronautis.pl\/index.php\/wp-json\/wp\/v2\/media?parent=2911"}],"curies":[{"name":"wp","href":"https:\/\/api.w.org\/{rel}","templated":true}]}}