{"id":2919,"date":"2022-11-08T13:46:45","date_gmt":"2022-11-08T12:46:45","guid":{"rendered":"https:\/\/fundacjapronautis.pl\/?page_id=2919"},"modified":"2023-03-22T13:10:21","modified_gmt":"2023-03-22T12:10:21","slug":"anna-nawrocka","status":"publish","type":"page","link":"https:\/\/fundacjapronautis.pl\/index.php\/o-fundacji\/nasz-zespol\/anna-nawrocka\/","title":{"rendered":"Anna Nawrocka"},"content":{"rendered":"\t\t<div data-elementor-type=\"wp-page\" data-elementor-id=\"2919\" class=\"elementor elementor-2919\">\n\t\t\t\t\t\t\t\t\t<section class=\"elementor-section elementor-top-section elementor-element elementor-element-8b0f56a elementor-section-boxed elementor-section-height-default elementor-section-height-default\" data-id=\"8b0f56a\" data-element_type=\"section\">\n\t\t\t\t\t\t<div class=\"elementor-container elementor-column-gap-default\">\n\t\t\t\t\t<div class=\"elementor-column elementor-col-100 elementor-top-column elementor-element elementor-element-a3e4f49\" data-id=\"a3e4f49\" data-element_type=\"column\">\n\t\t\t<div class=\"elementor-widget-wrap elementor-element-populated\">\n\t\t\t\t\t\t\t\t<div class=\"elementor-element elementor-element-3729dde elementor-widget elementor-widget-text-editor\" data-id=\"3729dde\" data-element_type=\"widget\" data-widget_type=\"text-editor.default\">\n\t\t\t\t<div class=\"elementor-widget-container\">\n\t\t\t<style>\/*! elementor - v3.10.0 - 09-01-2023 *\/\n.elementor-widget-text-editor.elementor-drop-cap-view-stacked .elementor-drop-cap{background-color:#818a91;color:#fff}.elementor-widget-text-editor.elementor-drop-cap-view-framed .elementor-drop-cap{color:#818a91;border:3px solid;background-color:transparent}.elementor-widget-text-editor:not(.elementor-drop-cap-view-default) .elementor-drop-cap{margin-top:8px}.elementor-widget-text-editor:not(.elementor-drop-cap-view-default) .elementor-drop-cap-letter{width:1em;height:1em}.elementor-widget-text-editor .elementor-drop-cap{float:left;text-align:center;line-height:1;font-size:50px}.elementor-widget-text-editor .elementor-drop-cap-letter{display:inline-block}<\/style>\t\t\t\t<p>Cz\u0142onek zarz\u0105du fundacji, osoba posiadaj\u0105ca ponad 10 letnie do\u015bwiadczenie w koordynowaniu i rozliczaniu dotacji ze \u015brodk\u00f3w publicznych oraz \u015brodk\u00f3w unijnych, posiada wy\u017csze wykszta\u0142cenie na kierunku socjologii, uzupe\u0142nione o studia podyplomowe z zakresu pozyskiwania i rozliczania funduszy unijnych, public relation, HR i zarz\u0105dzania zasobami ludzkimi. W latach 2008-2016 by\u0142a koordynatorem programu grantowego &#8220;Dzia\u0142aj Lokalnie&#8221;, realizowanego przez Akademi\u0119 Rozwoju Filantropii w Polsce finansowanego przez Polsko-Ameryka\u0144sk\u0105 Fundacj\u0119 Wolno\u015bci. Posiada ponad 10 letnie do\u015bwiadczenie przy realizacji programu LEADER w ramach Programu Rozwoju Obszar\u00f3w Wiejskich na lata 2007-2013 na terenie 14 gmin obejmuj\u0105cych powiat gnie\u017anie\u0144ski, pozna\u0144ski i wrzesi\u0144ski. Posiada ponad roczne do\u015bwiadczenie w pracy fundraisera pozyskuj\u0105c dofinansowanie na dzia\u0142alno\u015b\u0107 statutow\u0105 dla Caritas Archidiecezji Gnie\u017anie\u0144skiej. W fundacji zajmuje si\u0119 codzienn\u0105 koordynacj\u0105 i planowaniem dzia\u0142a\u0144 oraz pozyskiwanie dofinansowania na dzia\u0142alno\u015b\u0107 fundacji ze \u015brodk\u00f3w zewn\u0119trznych.<\/p>\t\t\t\t\t\t<\/div>\n\t\t\t\t<\/div>\n\t\t\t\t<div class=\"elementor-element elementor-element-256c836 elementor-widget elementor-widget-spacer\" data-id=\"256c836\" data-element_type=\"widget\" data-widget_type=\"spacer.default\">\n\t\t\t\t<div class=\"elementor-widget-container\">\n\t\t\t<style>\/*! elementor - v3.10.0 - 09-01-2023 *\/\n.elementor-column .elementor-spacer-inner{height:var(--spacer-size)}.e-con{--container-widget-width:100%}.e-con-inner>.elementor-widget-spacer,.e-con>.elementor-widget-spacer{width:var(--container-widget-width,var(--spacer-size));--align-self:var(--container-widget-align-self,initial);--flex-shrink:0}.e-con-inner>.elementor-widget-spacer>.elementor-widget-container,.e-con-inner>.elementor-widget-spacer>.elementor-widget-container>.elementor-spacer,.e-con>.elementor-widget-spacer>.elementor-widget-container,.e-con>.elementor-widget-spacer>.elementor-widget-container>.elementor-spacer{height:100%}.e-con-inner>.elementor-widget-spacer>.elementor-widget-container>.elementor-spacer>.elementor-spacer-inner,.e-con>.elementor-widget-spacer>.elementor-widget-container>.elementor-spacer>.elementor-spacer-inner{height:var(--container-widget-height,var(--spacer-size))}<\/style>\t\t<div class=\"elementor-spacer\">\n\t\t\t<div class=\"elementor-spacer-inner\"><\/div>\n\t\t<\/div>\n\t\t\t\t<\/div>\n\t\t\t\t<\/div>\n\t\t\t\t\t<\/div>\n\t\t<\/div>\n\t\t\t\t\t\t\t<\/div>\n\t\t<\/section>\n\t\t\t\t\t\t\t<\/div>\n\t\t","protected":false},"excerpt":{"rendered":"<p>Cz\u0142onek zarz\u0105du fundacji, osoba posiadaj\u0105ca ponad 10 letnie do\u015bwiadczenie w koordynowaniu i rozliczaniu dotacji ze \u015brodk\u00f3w publicznych oraz \u015brodk\u00f3w unijnych, posiada wy\u017csze wykszta\u0142cenie na kierunku socjologii, uzupe\u0142nione o studia podyplomowe z zakresu pozyskiwania i rozliczania funduszy unijnych, public relation, HR i zarz\u0105dzania zasobami ludzkimi. W latach 2008-2016 by\u0142a koordynatorem programu.<\/p>\n","protected":false},"author":1,"featured_media":0,"parent":2876,"menu_order":2,"comment_status":"closed","ping_status":"closed","template":"","meta":[],"_links":{"self":[{"href":"https:\/\/fundacjapronautis.pl\/index.php\/wp-json\/wp\/v2\/pages\/2919"}],"collection":[{"href":"https:\/\/fundacjapronautis.pl\/index.php\/wp-json\/wp\/v2\/pages"}],"about":[{"href":"https:\/\/fundacjapronautis.pl\/index.php\/wp-json\/wp\/v2\/types\/page"}],"author":[{"embeddable":true,"href":"https:\/\/fundacjapronautis.pl\/index.php\/wp-json\/wp\/v2\/users\/1"}],"replies":[{"embeddable":true,"href":"https:\/\/fundacjapronautis.pl\/index.php\/wp-json\/wp\/v2\/comments?post=2919"}],"version-history":[{"count":10,"href":"https:\/\/fundacjapronautis.pl\/index.php\/wp-json\/wp\/v2\/pages\/2919\/revisions"}],"predecessor-version":[{"id":3188,"href":"https:\/\/fundacjapronautis.pl\/index.php\/wp-json\/wp\/v2\/pages\/2919\/revisions\/3188"}],"up":[{"embeddable":true,"href":"https:\/\/fundacjapronautis.pl\/index.php\/wp-json\/wp\/v2\/pages\/2876"}],"wp:attachment":[{"href":"https:\/\/fundacjapronautis.pl\/index.php\/wp-json\/wp\/v2\/media?parent=2919"}],"curies":[{"name":"wp","href":"https:\/\/api.w.org\/{rel}","templated":true}]}}