{"id":3,"date":"2022-07-19T10:24:25","date_gmt":"2022-07-19T08:24:25","guid":{"rendered":"https:\/\/fundacjapronautis.pl\/?page_id=3"},"modified":"2022-11-03T15:25:16","modified_gmt":"2022-11-03T14:25:16","slug":"polityka-prywatnosci","status":"publish","type":"page","link":"https:\/\/fundacjapronautis.pl\/index.php\/polityka-prywatnosci\/","title":{"rendered":"Polityka prywatno\u015bci"},"content":{"rendered":"\r\n<h2><\/h2>\r\n<h2>Wst\u0119p<\/h2>\r\n<h2>\r\n\r\n<\/h2>\r\n<p>Niniejsza strona internetowa zosta\u0142a Pa\u0144stwu udost\u0119pniona przez\u00a0<strong>FUNDACJA PRONAUTIS<\/strong>, OS. KR\u00d3LEWSKIE 7, 62-200 SZCZYTNIKI DUCHOWNE, KRS 0000707009, REGON 368905859, NIP 7842509825.<\/p>\r\n<h2>\r\n\r\n<\/h2>\r\n<p>Administratorem danych osobowych, w rozumieniu Rozporz\u0105dzenia Parlamentu Europejskiego i Rady (UE) 2016\/679 z dnia 27 kwietnia 2016 r. w sprawie ochrony os\u00f3b fizycznych w zwi\u0105zku z przetwarzaniem danych osobowych i w sprawie swobodnego przep\u0142ywu takich danych oraz uchylenia dyrektywy 95\/46\/WE (\u201eRODO\u201d), jest Fundacja Pronautis. Poni\u017csza polityka prywatno\u015bci okre\u015bla w jaki spos\u00f3b mo\u017cemy korzysta\u0107 z Pa\u0144stwa danych osobowych.<\/p>\r\n<h2>\r\n\r\n<\/h2>\r\n<h2>Jak mo\u017cna si\u0119 z nami skontaktowa\u0107?<\/h2>\r\n<h2>\r\n\r\n<\/h2>\r\n<p>Je\u015bli maj\u0105 Pa\u0144stwo jakiekolwiek pytania dotycz\u0105ce niniejszej polityki prywatno\u015bci, mog\u0105 Pa\u0144stwo wys\u0142a\u0107 wiadomo\u015b\u0107 e-mail na adres: <a href=\"mailto:biuro@fundacjapronautis.pl\" target=\"_blank\" rel=\"noreferrer noopener\">biuro@fundacjapronautis.pl<\/a>.<\/p>\r\n<h2>\r\n\r\n<\/h2>\r\n<p>Poj\u0119cie \u201eDane osobowe\u201d odnosi si\u0119 do wszelkich informacji, kt\u00f3re Pa\u0144stwa dotycz\u0105, takich jak imi\u0119 i nazwisko, adres poczty elektronicznej i adres pocztowy. Prosimy o zapoznanie si\u0119 z niniejsz\u0105 polityk\u0105 prywatno\u015bci, aby dowiedzie\u0107 si\u0119, w jaki spos\u00f3b wykorzystujemy Pa\u0144stwa dane osobowe po ich zebraniu przez nas.<\/p>\r\n<h2>\r\n\r\n<\/h2>\r\n<p>Niniejsza polityka prywatno\u015bci mo\u017ce by\u0107 niekiedy aktualizowana. Data ostatnich zmian pojawi si\u0119 na stronie internetowej, tak wi\u0119c prosimy regularnie \u015bledzi\u0107 polityk\u0119 prywatno\u015bci. Mo\u017cemy okresowo opracowywa\u0107 nowe lub oferowa\u0107 dodatkowe us\u0142ugi lub funkcjonalno\u015bci. Je\u015bli wprowadzenie nowych lub dodatkowych us\u0142ug lub funkcjonalno\u015bci spowoduje zmian\u0119 sposobu, w jaki gromadzimy lub przetwarzamy Pa\u0144stwa dane osobowe, przeka\u017cemy Pa\u0144stwu dodatkowe informacje, warunki lub zasady. O ile nie okre\u015blono inaczej, wprowadzane nowe lub dodatkowe us\u0142ugi lub funkcjonalno\u015bci b\u0119d\u0105 podlega\u0107 postanowieniom niniejszej Polityki.<\/p>\r\n<h2>\r\n\r\n<\/h2>\r\n<h2>Kiedy zbieramy dane?<\/h2>\r\n<h2>\r\n\r\n<\/h2>\r\n<p>Mo\u017cemy zbiera\u0107 Pa\u0144stwa dane osobowe, gdy, b\u0119d\u0105c na naszej stronie internetowej, dokonuj\u0105 Pa\u0144stwo nast\u0119puj\u0105cych czynno\u015bci:<\/p>\r\n<h2>\r\n\r\n<\/h2>\r\n<ul>\r\n<li>Rejestruj\u0105 si\u0119 Pa\u0144stwo jako u\u017cytkownik na jednej lub wielu naszych stronach internetowych;<\/li>\r\n\r\n\r\n\r\n<li>Udost\u0119pniaj\u0105 Pa\u0144stwo tre\u015bci w naszych spo\u0142eczno\u015bciach internetowych;<\/li>\r\n\r\n\r\n\r\n<li>Rejestruj\u0105 si\u0119 lub kontaktuj\u0105 si\u0119 Pa\u0144stwo w celu dokonania zakupu lub nawi\u0105zania wsp\u00f3\u0142pracy handlowej;<\/li>\r\n\r\n\r\n\r\n<li>Kontaktuj\u0105 si\u0119 Pa\u0144stwo z nami w sprawie jakiego\u015b problemu lub inicjatywy, zadaj\u0105c nam pytanie.<\/li>\r\n\r\n\r\n\r\n<li>Zbieramy r\u00f3wnie\u017c automatycznie pewne informacje o odwiedzaj\u0105cych nasze strony internetowe, jak to opisano w sekcji zatytu\u0142owanej \u201eCookies\u201d (\u201eCiasteczka\u201d) poni\u017cej.<\/li>\r\n<\/ul>\r\n<h2>\r\n\r\n<\/h2>\r\n<h2>Jakie dane osobowe zbieramy od Pa\u0144stwa?<\/h2>\r\n<h2>\r\n\r\n<\/h2>\r\n<p>Dane osobowe, jakie mo\u017cemy zbiera\u0107 od Pa\u0144stwa, zawieraj\u0105:<\/p>\r\n<h2>\r\n\r\n<\/h2>\r\n<ol>\r\n<li>imi\u0119 i nazwisko;<\/li>\r\n\r\n\r\n\r\n<li>adres pocztowy;<\/li>\r\n\r\n\r\n\r\n<li>numer telefonu (numer stacjonarny, telefon kom\u00f3rkowy i faks);<\/li>\r\n\r\n\r\n\r\n<li>adres poczty elektronicznej.<\/li>\r\n<\/ol>\r\n<h2>\r\n\r\n<\/h2>\r\n<p>Zakres danych jest uzale\u017cniony od charakteru relacji z Pa\u0144stwem i mo\u017ce obejmowa\u0107 szerszy zakres danych np. dotycz\u0105cych prowadzonej dzia\u0142alno\u015bci gospodarczej, NIP, REGON, nazwa firmy.<\/p>\r\n<h2>\r\n\r\n<\/h2>\r\n<h2>Co robimy z Pa\u0144stwa danymi osobowymi?<\/h2>\r\n<h2>\r\n\r\n<\/h2>\r\n<p>Kiedy podaj\u0105 nam Pa\u0144stwo dane osobowe, kt\u00f3re wskazano powy\u017cej, wykorzystujemy je w nast\u0119puj\u0105cych celach:<\/p>\r\n<h2>\r\n\r\n<\/h2>\r\n<p>umo\u017cliwienie Pa\u0144stwu korzystania z us\u0142ug udost\u0119pnionych za po\u015brednictwem strony internetowej;<\/p>\r\n<h2>\r\n\r\n<\/h2>\r\n<p>umo\u017cliwienie Pa\u0144stwu rejestracji jako u\u017cytkownik w naszych serwisach oraz na organizowane lub wsp\u00f3\u0142organizowane przez nas wydarzenia;<\/p>\r\n<h2>\r\n\r\n<\/h2>\r\n<p>Wyceny, zawarcia i wykonania \u0142\u0105cz\u0105cej nas umowy, w tym zapewnienia poprawnej jako\u015bci wykonania us\u0142ug \u2014 przez czas trwania umowy i rozlicze\u0144 po jej zako\u0144czeniu;<\/p>\r\n<h2>\r\n\r\n<\/h2>\r\n<p>wykonania ci\u0105\u017c\u0105cych na nas obowi\u0105zk\u00f3w prawnych, np: wystawianie i przechowywanie faktur oraz dokument\u00f3w ksi\u0119gowych, udzielanie odpowiedzi na reklamacje w terminie i formie przewidzianej przepisami;<\/p>\r\n<h2>\r\n\r\n<\/h2>\r\n<p>archiwizacyjnych z danych potrzebnych do realizacji obowi\u0105zk\u00f3w prawnych b\u0119dziemy korzysta\u0107 przez czas wykonania obowi\u0105zk\u00f3w, np. wystawienia faktury;<\/p>\r\n<h2>\r\n\r\n<\/h2>\r\n<p>tworzenia zestawie\u0144, analiz, statystyk na nasze potrzeby wewn\u0119trzne, obejmuje to w szczeg\u00f3lno\u015bci raportowanie, badania marketingowe, planowanie rozwoju us\u0142ug lub sieci, prace rozwojowe w systemach informatycznych, tworzenie modeli statystycznych (np. dotycz\u0105cych ochrony przychod\u00f3w) \u2014 przez czas trwania umowy, a nast\u0119pnie w celach archiwizacyjnych;<\/p>\r\n<h2>\r\n\r\n<\/h2>\r\n<p>przetwarzanie Pa\u0144stwa transakcji lub subskrypcji oraz prowadzenie w\u0142a\u015bciwej korespondencji z Pa\u0144stwem;<\/p>\r\n<h2>\r\n\r\n<\/h2>\r\n<p>dostarczenie Pa\u0144stwu informacji o wydarzeniach, najnowszych wiadomo\u015bciach lub specjalnych ofertach, kt\u00f3re mog\u0105 Pa\u0144stwa interesowa\u0107;<\/p>\r\n<h2>\r\n\r\n<\/h2>\r\n<p>zapobieganie oraz przeciwdzia\u0142anie zamieszczaniu lub rozsy\u0142aniu tre\u015bci o charakterze agresywnym, niestosownym lub obra\u017aliwym \u2013 na naszych stronach internetowych i serwisach. Mo\u017ce to obejmowa\u0107 informowanie o tre\u015bciach i zachowaniu odpowiednich stron trzecich, takich jak, organy administracji pa\u0144stwowych, Pa\u0144stwa pracodawca, dostawca dost\u0119pu do Internetu lub poczty elektronicznej, oraz organy \u015bcigania;<\/p>\r\n<h2>\r\n\r\n<\/h2>\r\n<p>administrowanie stronami internetowymi oraz naszymi serwisami.<\/p>\r\n<h2>\r\n\r\n<\/h2>\r\n<h2>Udost\u0119pnianie Pa\u0144stwa danych osobowych<\/h2>\r\n<h2>\r\n\r\n<\/h2>\r\n<p>Co do zasady nie udost\u0119pniamy danych u\u017cytkownik\u00f3w innym podmiotom, chyba \u017ce obowi\u0105zek takiego ujawnienia wynika z przepis\u00f3w prawa (np. ujawnienie na \u017c\u0105danie uprawnionych organ\u00f3w) lub jest niezb\u0119dne dla realizacji i odbywa si\u0119 na \u017c\u0105danie u\u017cytkownika. Mo\u017cemy r\u00f3wnie\u017c udost\u0119pnia\u0107 Pa\u0144stwa dane osobowe w ramach reagowania na incydenty zwi\u0105zane z funkcjonowaniem naszych serwis\u00f3w dla naszych w\u0142asnych cel\u00f3w lub uzasadnionych cel\u00f3w podmiotu zewn\u0119trznego zwi\u0105zanych z bezpiecze\u0144stwem krajowym, organami \u015bcigania, sporami s\u0105dowymi, dochodzeniami kryminalnymi, ochron\u0105 bezpiecze\u0144stwa jakiejkolwiek osoby lub ochrony przed \u015bmierci\u0105 lub uszkodzeniem cia\u0142a, pod warunkiem, \u017ce uznamy, i\u017c takie interesy s\u0105 nadrz\u0119dne wobec fundamentalnych praw i wolno\u015bci, w zwi\u0105zku z kt\u00f3rymi wymagana jest ochrona Pa\u0144stwa danych osobowych.<\/p>\r\n<h2>\r\n\r\n<\/h2>\r\n<p>Pa\u0144stwa dane mo\u017cemy przekazywa\u0107 tak\u017ce nast\u0119puj\u0105cym podmiotom:<\/p>\r\n<h2>\r\n\r\n<\/h2>\r\n<ul>\r\n<li>przetwarzaj\u0105cym dane w naszym imieniu, uczestnicz\u0105cym w wykonywaniu naszych czynno\u015bci, np. obs\u0142uga naszych system\u00f3w teleinformatycznych, podmiotom po\u015brednicz\u0105cym w sprzeda\u017cy naszych us\u0142ug, podwykonawcom wspieraj\u0105cym nas lub innych przez Pa\u0144stwa zam\u00f3wionych, obs\u0142udze korespondencji czy w procesie obs\u0142ugi Klienta,<\/li>\r\n\r\n\r\n\r\n<li>innym administratorom danych przetwarzaj\u0105cym Pa\u0144stwa dane we w\u0142asnym imieniu: podmiotom prowadz\u0105cym dzia\u0142alno\u015b\u0107 pocztow\u0105 lub kuriersk\u0105, podmiotom prowadz\u0105cym dzia\u0142alno\u015b\u0107 p\u0142atnicz\u0105 (banki, instytucje p\u0142atnicze), w celu dokonania zwrot\u00f3w na Pa\u0144stwa rzecz lub w celu zapewnienia dzia\u0142ania us\u0142ugi przelew\u00f3w natychmiastowych, podmiotom nabywaj\u0105cym wierzytelno\u015bci w razie nieop\u0142acenia przez Pa\u0144stwa naszych rachunk\u00f3w w terminie, podmiotom wsp\u00f3\u0142pracuj\u0105cym z nami przy obs\u0142udze spraw ksi\u0119gowych, podatkowych, prawnych \u2014 w zakresie, w jakim stan\u0105 si\u0119 administratorem danych.<\/li>\r\n<\/ul>\r\n<h2>\r\n\r\n<\/h2>\r\n<h2>Ciasteczka<\/h2>\r\n<h2>\r\n\r\n<\/h2>\r\n<p>Podczas przegl\u0105dania naszej strony internetowej mo\u017ce zachodzi\u0107 konieczno\u015b\u0107 przechowywania na dysku twardym Pa\u0144stwa komputera lub na Pa\u0144stwa urz\u0105dzeniu przeno\u015bnym, informacji w postaci tzw. \u201eciasteczek\u201d (w zasadzie jest to niewielki plik tekstowy). \u201eCiasteczka\u201d s\u0105 powszechnie u\u017cywane przez w\u0142a\u015bcicieli stron internetowych dla umo\u017cliwienia lub usprawnienia dzia\u0142ania tych stron, a tak\u017ce w celu uzyskania raport\u00f3w.<\/p>\r\n<h2>\r\n\r\n<\/h2>\r\n<p>\u201cCiasteczka\u201d (znane r\u00f3wnie\u017c jako \u201eciasteczka http\u201d, \u201eciasteczka sieciowe\u201d lub \u201eciasteczka przegl\u0105darki\u201d) s\u0105 po prostu ma\u0142ymi porcjami danych, kt\u00f3re zostaj\u0105 zachowywane w plikach tekstowych na Pa\u0144stwa komputerze, kiedy odwiedzaj\u0105 Pa\u0144stwo pewne strony internetowe. Ich typowym celem jest umo\u017cliwienie stronom internetowym zapami\u0119tania konkretnych dzia\u0142a\u0144, jakie wykonywali Pa\u0144stwo w przesz\u0142o\u015bci. Na przyk\u0142ad, \u201eciasteczka\u201d mog\u0105 \u015bledzi\u0107, kiedy logowali si\u0119 Pa\u0144stwo na stronie internetowej, kiedy odwiedzili Pa\u0144stwo okre\u015blone strony internetowe lub klikn\u0119li pewne przyciski.<\/p>\r\n<h2>\r\n\r\n<\/h2>\r\n<p>\u201eCiasteczka\u201d ustawione przez w\u0142a\u015bciciela strony internetowej nazywane s\u0105 \u201eciasteczkami w\u0142asnymi w\u0142a\u015bciciela\u201d. \u201eCiasteczka\u201d utworzone przez osoby inne ni\u017c w\u0142a\u015bciciel strony, nazywane s\u0105 \u201eciasteczkami obcymi (stron trzecich)\u201d. \u201eCiasteczka obce\u201d umo\u017cliwiaj\u0105 zapewnianie na stronie internetowej lub za po\u015brednictwem strony internetowej w\u0142a\u015bciwo\u015bci lub funkcji pochodz\u0105cych od stron trzecich, (np. funkcje i tre\u015bci reklamowe, filmy i us\u0142ugi analityki strony internetowej). Podmioty ustawiaj\u0105ce \u201eciasteczka obce\u201d mog\u0105 rozpozna\u0107 Pa\u0144stwa komputer zar\u00f3wno wtedy, gdy przy jego u\u017cyciu odwiedzaj\u0105 Pa\u0144stwo dan\u0105 stron\u0119 internetow\u0105, jak i w\u00f3wczas, gdy przy u\u017cyciu tego komputera odwiedzaj\u0105 Pa\u0144stwo niekt\u00f3re inne strony internetowe.<\/p>\r\n<h2>\r\n\r\n<\/h2>\r\n<p>\u201eCiasteczka\u201d mog\u0105 pozostawa\u0107 w Pa\u0144stwa komputerze lub urz\u0105dzeniu przeno\u015bnym przez r\u00f3\u017cne okresy czasu. Niekt\u00f3re pliki \u201eciasteczek\u201d s\u0105 \u201eciasteczkami sesyjnymi\u201d, co oznacza, \u017ce istniej\u0105 tylko wtedy, gdy Pa\u0144stwa przegl\u0105darka internetowa pozostaje uruchomiona i s\u0105 automatycznie usuwane po jej zamkni\u0119ciu. Inne pliki \u201eciasteczek\u201d maj\u0105 charakter \u201eciasteczek sta\u0142ych\u201d, co oznacza, \u017ce pozostaj\u0105 one r\u00f3wnie\u017c po zamkni\u0119ciu Pa\u0144stwa przegl\u0105darki i mog\u0105 by\u0107 u\u017cywane przez strony internetowe do rozpoznania Pa\u0144stwa komputera, gdy ponownie otworz\u0105 Pa\u0144stwo przegl\u0105dark\u0119 i przyst\u0105pi\u0105 do ponownego przegl\u0105dania zasob\u00f3w Internetu.<\/p>\r\n<h2>\r\n\r\n<\/h2>\r\n<p>\u201eCiasteczkami\u201d pos\u0142ugujemy si\u0119 z kilku powod\u00f3w. Na przyk\u0142ad, pozwalaj\u0105 nam one \u015bledzi\u0107 zainteresowania naszych u\u017cytkownik\u00f3w, co pozwala nam zwi\u0119kszy\u0107 atrakcyjno\u015b\u0107 naszej strony.<\/p>\r\n<h2>\r\n\r\n<\/h2>\r\n<h2>Czy \u201eciasteczka\u201d s\u0105 szkodliwe?<\/h2>\r\n<h2>\r\n\r\n<\/h2>\r\n<p>\u201eCiasteczka\u201d nie mog\u0105 zaszkodzi\u0107 Pa\u0144stwu ani Pa\u0144stwa komputerowi. Nie mog\u0105 zawiera\u0107 wirus\u00f3w, nie mog\u0105 instalowa\u0107 szkodliwego oprogramowania i nie mog\u0105 doprowadzi\u0107 do uszkodzenia Pa\u0144stwa komputera w jakikolwiek spos\u00f3b. Chocia\u017c Fundacja Pronautis wykorzystuje \u201eciasteczka\u201d do gromadzenia zaszyfrowanych informacji w celu poprawy Pa\u0144stwa komfortu u\u017cytkowania naszej strony, to informacje te nigdy nie stanowi\u0105 danych pozwalaj\u0105cych na identyfikacj\u0119 os\u00f3b. Nie u\u017cywamy \u201eciasteczek\u201d do przechowywania jakichkolwiek informacji wra\u017cliwych, takich jak nazwisko i imi\u0119, adres lub dane kontaktowe.<\/p>\r\n<h2>\r\n\r\n<\/h2>\r\n<p>Maj\u0105 Pa\u0144stwo prawo zdecydowa\u0107, czy akceptuj\u0105 czy te\u017c odrzucaj\u0105 Pa\u0144stwo pliki \u201eciasteczek\u201d. Mog\u0105 Pa\u0144stwo tak\u017ce ustawia\u0107 lub zmienia\u0107 ustawienia Pa\u0144stwa przegl\u0105darki internetowej tak, aby akceptowa\u0107 lub odrzuca\u0107 pliki \u201eciasteczek\u201d. Je\u015bli zdecyduj\u0105 si\u0119 Pa\u0144stwo na odrzucenie plik\u00f3w \u201eciasteczek\u201d, w\u00f3wczas b\u0119d\u0105 Pa\u0144stwo mogli nadal korzysta\u0107 z naszej strony internetowej, jednak\u017ce Pa\u0144stwa dost\u0119p do niekt\u00f3rych funkcji i obszar\u00f3w tej\u017ce strony mo\u017ce by\u0107 ograniczony.<\/p>\r\n<h2>\r\n\r\n<\/h2>\r\n<h2>Jakie masz uprawnienia w zakresie przetwarzania danych?<\/h2>\r\n<h2>\r\n\r\n<\/h2>\r\n<p>Gwarantujemy spe\u0142nienie wszystkich Pa\u0144stwa praw wynikaj\u0105cych z og\u00f3lnego rozporz\u0105dzenia o ochronie danych \u201eRODO\u201d oznaczaj\u0105cego Rozporz\u0105dzenie Parlamentu Europejskiego i Rady (UE) 2016\/679 z dnia 27 kwietnia 2016 r. w sprawie ochrony os\u00f3b fizycznych w zwi\u0105zku z przetwarzaniem danych osobowych i w sprawie swobodnego przep\u0142ywu takich danych oraz uchylenia dyrektywy 95\/46\/WE, tj. prawo dost\u0119pu, sprostowania oraz usuni\u0119cia Pa\u0144stwa danych, ograniczenia ich przetwarzania, prawo do ich przenoszenia, niepodlegania zautomatyzowanemu podejmowaniu decyzji, w tym profilowaniu, a tak\u017ce prawo do wyra\u017cenia sprzeciwu wobec przetwarzania Pa\u0144stwa danych osobowych.<\/p>\r\n<h2>\r\n\r\n<\/h2>\r\n<p>Prawo dost\u0119pu do danych osobowych\u00a0\u2013 Ka\u017cdy u\u017cytkownik mo\u017ce domaga\u0107 si\u0119 uzyskania informacji o tym, jakie dane osobowe przetwarzamy, w tym otrzymania kopii swoich danych osobowych.<\/p>\r\n<h2>\r\n\r\n<\/h2>\r\n<p>Prawo sprostowania danych osobowych\u00a0\u2013 U\u017cytkownik mo\u017ce domaga\u0107 si\u0119 poprawienia danych, kt\u00f3re s\u0105 nieprawid\u0142owe, lub uzupe\u0142nienia danych, kt\u00f3re s\u0105 niekompletne.<\/p>\r\n<h2>\r\n\r\n<\/h2>\r\n<p>Prawo usuni\u0119cia danych osobowych (\u201eprawo do bycia zapomnianym\u201d)\u00a0\u2013 U\u017cytkownik mo\u017ce domaga\u0107 si\u0119 usuni\u0119cia wszystkich swoich danych w niekt\u00f3rych przypadkach, m.in. w razie cofni\u0119cia zgody na ich przetwarzanie (o ile stanowi\u0142a jedyn\u0105 podstaw\u0119 przetwarzania) lub gdy dane by\u0142y przetwarzane niezgodnie z prawem. Wa\u017cne! U\u017cytkownik nie b\u0119dzie m\u00f3g\u0142 skorzysta\u0107 z tego uprawnienia, gdy przetwarzanie danych wynika z realizacji obowi\u0105zk\u00f3w wynikaj\u0105cych z przepis\u00f3w prawa oraz gdy przetwarzanie jest niezb\u0119dne dla ustalenia, dochodzenia lub obrony roszcze\u0144.<\/p>\r\n<h2>\r\n\r\n<\/h2>\r\n<p>Prawo sprzeciwu\u00a0\u2013 U\u017cytkownik mo\u017ce w dowolnym momencie domaga\u0107 si\u0119 wstrzymania przetwarzania danych z przyczyn zwi\u0105zanych ze swoj\u0105 szczeg\u00f3ln\u0105 sytuacj\u0105 w wypadku, w kt\u00f3rym dane u\u017cytkownika s\u0105 przetwarzane do cel\u00f3w wynikaj\u0105cych z prawnie uzasadnionych interes\u00f3w (np. w celu prowadzenia statystyk i analiz). W takim wypadku Administrator przestanie przetwarza\u0107 dane osobowe, chyba \u017ce b\u0119d\u0105 istnie\u0107 wa\u017cne prawnie i uzasadnione: (1) podstawy do ich przetwarzania, nadrz\u0119dne wobec interes\u00f3w, praw i wolno\u015bci u\u017cytkownika lub (2) podstawy do ustalenia, dochodzenia lub obrony roszcze\u0144.<\/p>\r\n<h2>\r\n\r\n<\/h2>\r\n<p>Prawo ograniczenia przetwarzania danych osobowych\u00a0\u2013 U\u017cytkownik mo\u017ce domaga\u0107 si\u0119 \u201ezablokowania\u201d danych (tj. zatrzymania operacji przetwarzania danych poza ich przechowywaniem) w okre\u015blonych sytuacjach, m.in. w czasie niezb\u0119dnym do ich poprawienia lub gdy nie b\u0119d\u0105 one dalej potrzebne, lecz ich przechowywanie jest potrzebne u\u017cytkownikowi np. do ochrony jego praw.<\/p>\r\n<h2>\r\n\r\n<\/h2>\r\n<p>Prawo do przenoszenia danych osobowych\u00a0\u2013 U\u017cytkownik mo\u017ce domaga\u0107 si\u0119 otrzymania danych, kt\u00f3re dostarczy\u0142, w ustrukturyzowanym, powszechnie u\u017cywanym formacie nadaj\u0105cym si\u0119 do odczytu maszynowego. U\u017cytkownik mo\u017ce \u017c\u0105da\u0107 uzyskania tych danych lub przes\u0142ania ich bezpo\u015brednio innemu, wskazanemu administratorowi, o ile b\u0119dzie to technicznie mo\u017cliwe.<\/p>\r\n<h2>\r\n\r\n<\/h2>\r\n<p>Ponadto, w razie podejrzenia naruszenia przepis\u00f3w dotycz\u0105cych ochrony danych osobowych, u\u017cytkownikowi przys\u0142uguje prawo do z\u0142o\u017cenia skargi do Prezesa Urz\u0119du Ochrony Danych Osobowych.<\/p>\r\n<h2>\r\n\r\n<\/h2>\r\n<h2>Bezpiecze\u0144stwo danych osobowych<\/h2>\r\n<h2>\r\n\r\n<\/h2>\r\n<p>Naszym celem jest ochrona danych osobowych Pa\u0144stwa jako u\u017cytkownik\u00f3w strony internetowej. Wdra\u017camy odpowiednie \u015brodki techniczne i organizacyjne, aby chroni\u0107 Pa\u0144stwa dane osobowe, jednak pami\u0119tajcie Pa\u0144stwo, \u017ce \u017caden system nigdy nie jest ca\u0142kowicie bezpieczny. Wdro\u017cyli\u015bmy r\u00f3\u017cne zasady, takie jak polityki reguluj\u0105ce dost\u0119p oraz przechowywanie, aby chroni\u0107 przed nieautoryzowanym dost\u0119pem oraz niepotrzebnym przechowywaniem danych osobowych w naszych systemach informatycznych, takich jak m.in. strona internetowa.<\/p>\r\n","protected":false},"excerpt":{"rendered":"","protected":false},"author":1,"featured_media":0,"parent":0,"menu_order":0,"comment_status":"closed","ping_status":"open","template":"","meta":[],"_links":{"self":[{"href":"https:\/\/fundacjapronautis.pl\/index.php\/wp-json\/wp\/v2\/pages\/3"}],"collection":[{"href":"https:\/\/fundacjapronautis.pl\/index.php\/wp-json\/wp\/v2\/pages"}],"about":[{"href":"https:\/\/fundacjapronautis.pl\/index.php\/wp-json\/wp\/v2\/types\/page"}],"author":[{"embeddable":true,"href":"https:\/\/fundacjapronautis.pl\/index.php\/wp-json\/wp\/v2\/users\/1"}],"replies":[{"embeddable":true,"href":"https:\/\/fundacjapronautis.pl\/index.php\/wp-json\/wp\/v2\/comments?post=3"}],"version-history":[{"count":4,"href":"https:\/\/fundacjapronautis.pl\/index.php\/wp-json\/wp\/v2\/pages\/3\/revisions"}],"predecessor-version":[{"id":2733,"href":"https:\/\/fundacjapronautis.pl\/index.php\/wp-json\/wp\/v2\/pages\/3\/revisions\/2733"}],"wp:attachment":[{"href":"https:\/\/fundacjapronautis.pl\/index.php\/wp-json\/wp\/v2\/media?parent=3"}],"curies":[{"name":"wp","href":"https:\/\/api.w.org\/{rel}","templated":true}]}}