{"id":3910,"date":"2025-10-14T23:42:45","date_gmt":"2025-10-14T21:42:45","guid":{"rendered":"https:\/\/fundacjapronautis.pl\/?page_id=3910"},"modified":"2025-11-27T12:59:45","modified_gmt":"2025-11-27T11:59:45","slug":"projekty-unijne","status":"publish","type":"page","link":"https:\/\/fundacjapronautis.pl\/index.php\/projekty-unijne\/","title":{"rendered":"Projekty unijne"},"content":{"rendered":"<style>\/*! elementor - v3.10.0 - 09-01-2023 *\/<br \/>\n.elementor-heading-title{padding:0;margin:0;line-height:1}.elementor-widget-heading .elementor-heading-title[class*=elementor-size-]>a{color:inherit;font-size:inherit;line-height:inherit}.elementor-widget-heading .elementor-heading-title.elementor-size-small{font-size:15px}.elementor-widget-heading .elementor-heading-title.elementor-size-medium{font-size:19px}.elementor-widget-heading .elementor-heading-title.elementor-size-large{font-size:29px}.elementor-widget-heading .elementor-heading-title.elementor-size-xl{font-size:39px}.elementor-widget-heading .elementor-heading-title.elementor-size-xxl{font-size:59px}<\/style>\n<p style=\"text-align: center;\"><strong>Zwi\u0119kszenie szans edukacyjnych i rozw\u00f3j potencja\u0142u dzieci ucz\u0119szczaj\u0105cych do plac\u00f3wek o\u015bwiatowych Gminy Gniezno<\/strong><\/p>\n<p><img decoding=\"async\" loading=\"lazy\" class=\"alignnone wp-image-3866 size-large\" src=\"https:\/\/fundacjapronautis.pl\/wp-content\/uploads\/2025\/10\/LOGOTYPY-1024x106.jpg\" alt=\"\" width=\"1024\" height=\"106\" srcset=\"https:\/\/fundacjapronautis.pl\/wp-content\/uploads\/2025\/10\/LOGOTYPY-1024x106.jpg 1024w, https:\/\/fundacjapronautis.pl\/wp-content\/uploads\/2025\/10\/LOGOTYPY-300x31.jpg 300w, https:\/\/fundacjapronautis.pl\/wp-content\/uploads\/2025\/10\/LOGOTYPY-768x79.jpg 768w, https:\/\/fundacjapronautis.pl\/wp-content\/uploads\/2025\/10\/LOGOTYPY-1536x158.jpg 1536w, https:\/\/fundacjapronautis.pl\/wp-content\/uploads\/2025\/10\/LOGOTYPY-570x59.jpg 570w, https:\/\/fundacjapronautis.pl\/wp-content\/uploads\/2025\/10\/LOGOTYPY-270x28.jpg 270w, https:\/\/fundacjapronautis.pl\/wp-content\/uploads\/2025\/10\/LOGOTYPY.jpg 1832w\" sizes=\"(max-width: 1024px) 100vw, 1024px\" \/><\/p>\n<p>Fundacja Pronautis wraz Gmina Gniezno realizuje projekt pn.\u00a0<em>Zwi\u0119kszenie szans edukacyjnych i rozw\u00f3j potencja\u0142u dzieci ucz\u0119szczaj\u0105cych do plac\u00f3wek o\u015bwiatowych Gminy Gniezno<\/em>\u00a0\u00a0dofinansowany ze \u015brodk\u00f3w Programu Regionalnego &#8220;Fundusze Europejskie dla Wielkopolski na lata 2021 &#8211; 2027&#8221; w ramach dzia\u0142ania 6.7 Edukacja przedszkolna, og\u00f3lna oraz kszta\u0142cenie zawodowe<\/p>\n<p><strong>Cel Projektu:<\/strong><\/p>\n<p>Celem projektu jest wsparcie plac\u00f3wek o\u015bwiatowych Gminy Gniezno w okresie od 1.12.2024 do 31.05.2027 w prowadzeniu skutecznej edukacji w\u0142\u0105czaj\u0105cej, w szczeg\u00f3lno\u015bci poprzez:<br \/>\n&#8211; podniesienie kompetencji nauczycieli (kursy i studia podyplomowe);<br \/>\n&#8211; zatrudnienie asystent\u00f3w ucznia;<br \/>\n&#8211; organizacj\u0119 zaj\u0119\u0107 specjalistycznych, m.in. w zakresie integracji sensorycznej, logopedii, arteterapii, psychoedukacji, hipoterapii i dogoterapii, zaj\u0119\u0107 dydaktyczno-wyr\u00f3wnawczych;<br \/>\n&#8211; adaptacj\u0119 pomieszcze\u0144 i zakup specjalistycznych sprz\u0119t\u00f3w i pomocy dydaktycznych.<\/p>\n<p><strong>Grupa docelowa:<\/strong><\/p>\n<p>Projekt skierowany jest do dzieci\/uczni\u00f3w ze Szko\u0142y Podstawowej w Go\u015blinowie, Zespo\u0142u Szk\u00f3\u0142 w Jankowie Dolnym, Zespo\u0142u Szk\u00f3\u0142 w Szczytnikach Duchownych, Szko\u0142y Podstawowej w Zdziechowie oraz Zespo\u0142u Przedszkoli w Zdziechowie, w tym w szczeg\u00f3lno\u015bci dla uczni\u00f3w ze specjalnymi potrzebami rozwojowymi i edukacyjnymi oraz z niepe\u0142nosprawno\u015bciami oraz \u00a020 nauczycieli ucz\u0105cych<br \/>\nw ww. plac\u00f3wkach.<\/p>\n<p><strong>Dzia\u0142ania:<\/strong><\/p>\n<p>Projekt realizowany jest w ramach 8 zada\u0144:<\/p>\n<ol>\n<li>Dostosowanie\/adaptacja pomieszcze\u0144 na potrzeby os\u00f3b ze specjalnymi rozwojowymi i edukacyjnymi oraz z niepe\u0142nosprawno\u015bciami oraz zakup niezb\u0119dnego wyposa\u017cenia oraz sprz\u0119tu<\/li>\n<li>Podniesienie kompetencji\/kwalifikacji nauczycieli w zakresie organizacji lub podnoszenia jako\u015bci edukacji w\u0142\u0105czaj\u0105cej<\/li>\n<li>Wsparcie specjalistyczne dla dzieci z Zespo\u0142u Przedszkoli w Zdziechowie<\/li>\n<li>Wsparcie specjalistyczne dla dzieci ze Szko\u0142y Podstawowej w Go\u015blinowie<\/li>\n<li>Wsparcie specjalistyczne dla dzieci z Zespo\u0142u Szk\u00f3\u0142 w Jankowie Dolnym<\/li>\n<li>Wsparcie specjalistyczne dla dzieci z Zespo\u0142u Szk\u00f3\u0142 w Szczytnikach Duchowych<\/li>\n<li>Wsparcie specjalistyczne dla dzieci ze Szko\u0142y Podstawowej w Zdziechowie<\/li>\n<li>Wsparcie specjalistyczne w ramach hipoterapii i dogoterapii w plac\u00f3wkach o\u015bwiatowych Gminy Gniezno<\/li>\n<\/ol>\n<p>W ramach zadania 1 zaplanowano adaptacj\u0119 \u0142azienek w ZS Jankowo Dolne, ZS Szczytniki Duchowne), podjazdy (ZS Jankowo Dolne), wymian\u0119 wyk\u0142adzin (ZS Jankowo Dolne), adaptacj\u0119 pomieszcze\u0144 do zaj\u0119\u0107 specjalistycznych (ZS Szczytniki Duchowne, Zesp\u00f3\u0142 Przedszkoli w Zdziechowie), sal\u0119 do\u015bwiadcze\u0144 \u015bwiata (Zesp\u00f3\u0142 Przedszkoli w Zdziechowie), sensoryczny plac zabaw (SP Zdziechowa) oraz zostanie zakupiony specjalistyczny sprz\u0119t do pracy z dzie\u0107mi\/uczniami o specjalnych potrzebach edukacyjnych min.: pomoce i \u0107wiczenia logopedyczne, \u0107wiczenia stolikowe (autyzm), materia\u0142y na zaj\u0119cia szachowe, gry j\u0119zykowe, dywany edukacyjne, urz\u0105dzenia do terapii sensorycznej, programy multimedialne do SI, sprz\u0119t do uwagi s\u0142uchowej Tomatis.<\/p>\n<p>Podniesienie kompetencji\/kwalifikacji nauczycieli zaplanowano do realizacji w zadaniu 2. Nauczyciele zostan\u0105 przeszkoleni<br \/>\nw nast\u0119puj\u0105cych obszarach: oligofrenopedagogika, integracja sensoryczna, edukacja i terapia os\u00f3b z zaburzeniami ze spektrum autyzmu, surdologopedia, tyflopedagogika, neurologopedia, edukacja w\u0142\u0105czaj\u0105ca. Ponadto cze\u015b\u0107 nauczycieli podniesie kwalifikacje poprzez udzia\u0142 w szkoleniach: terapia r\u0119ki, integracja sensoryczna, j\u0119zyk migowy, obs\u0142uga Tomatiss.<\/p>\n<p>W ramach zadania 3 dzieci z Zespo\u0142u Przedszkoli w Zdziechowie zostan\u0105 obj\u0119te zaj\u0119ciami: logopedycznymi, korekcyjno-kompensacyjnymi, emocjonalno-spo\u0142ecznymi, szachoterapi\u0105. Ponadto zaplanowano zatrudnienie Asystenta Dzieci o Specjalnych Potrzebach Edukacyjnych (ASPE).<\/p>\n<p>Uczniowie ze Szko\u0142y Podstawowej w Go\u015blinowie (zadanie 4) zostan\u0105 obj\u0119ci zaj\u0119ciami: logopedycznymi, gimnastyk\u0105 korekcyjn\u0105, terapi\u0105 r\u0119ki, dydaktyczno-wyr\u00f3wnawczymi z j\u0119zyka angielskiego, logikoterapi\u0105, emocjonalno-spo\u0142ecznymi, z integracji sensorycznej, artyterapi\u0105, muzykoterapi\u0105.<\/p>\n<p>W ramach zadania 5 uczniowie z Zespo\u0142u Szk\u00f3\u0142 w Jankowie Dolnym b\u0119d\u0105 ucz\u0119szcza\u0107 na zaj\u0119cia: logopedyczne, emocjonalno-spo\u0142eczne, socjoterapeutyczne, korekcyjno-kompensacyjne, dydaktyczno-wyr\u00f3wnawcze z edukacji wczesnoszkolnej i dydaktyczno-wyr\u00f3wnawcze wg potrzeb. Ponadto zaplanowano zatrudnienie Asystenta Dzieci o Specjalnych Potrzebach Edukacyjnych (ASPE).<\/p>\n<p>Przedszkolaki i uczniowie z Zespo\u0142u Szk\u00f3\u0142 w Szczytnikach Duchownych b\u0119d\u0105 mogli w ramach projektu skorzysta\u0107 z nast\u0119puj\u0105cych form wsparcia (zadanie 6): logopedyczne, psychoedukacyjne, emocjonalno-spo\u0142eczne, socjoterapeutyczne, edukacyjno-terapeutyczne, dydaktyczno-wyr\u00f3wnawcze z edukacji wczesnoszkolnej, dydaktyczno-wyr\u00f3wnawcze z j\u0119zyka polskiego, matematyki i j\u0119zyka angielskiego. Ponadto zaplanowano zatrudnienie Asystenta Dzieci o Specjalnych Potrzebach Edukacyjnych (ASPE).<\/p>\n<p>W ramach zadania 7 uczniowie z Zespo\u0142u Szk\u00f3\u0142 w Zdziechowie (zadanie 6) zostan\u0105 obj\u0119ci zaj\u0119ciami: logopedycznymi, korekcyjno-kompensacyjnymi, dydaktyczno-wyr\u00f3wnawczymi z matematyki, j\u0119zyka polskiego.<\/p>\n<p>Uczniowie ze specjalnymi potrzebami edukacyjnymi i rozwojowymi w ramach projektu b\u0119d\u0105 mogli skorzysta\u0107 z dogoterapii<br \/>\ni hipoterapii (odpowiada Partner Fundacja Pronautis, zadanie 8) . Gmina Gniezno zapewnia dojazd na zaj\u0119cia z hipoterapii. Zaj\u0119cia z dogoterapii odbywaj\u0105 si\u0119 w szkole.<\/p>\n<p>&nbsp;<\/p>\n<p>&nbsp;<\/p>\n<p>&nbsp;<\/p>\n<p><strong>Rezultaty:<\/strong> Liczba uczni\u00f3w, kt\u00f3rzy nabyli kwalifikacje po opuszczeniu udzia\u0142u w programie \u2013 252 osoby, Liczba przedstawicieli kadry szk\u00f3\u0142 i plac\u00f3wek systemu o\u015bwiaty, kt\u00f3rzy uzyskali kwalifikacje po opuszczeniu programu \u2013 20 os\u00f3b.<\/p>\n<p>Ca\u0142kowita warto\u015b\u0107 projektu:\u00a0<strong>2 935 480,69 z\u0142<\/strong><\/p>\n<p>Kwota dofinansowania:\u00a0<strong>2 641 932,61 z\u0142<\/strong>\u00a0z czego 2 054 836,48 z\u0142 z funduszy UE i 587 096,13 z\u0142 z bud\u017cetu pa\u0144stwa.<\/p>\n<p>#FunduszeEuropejskie #FunduszeUE<\/p>\n<p>&nbsp;<\/p>\n<p>Realizatorzy projektu:<\/p>\n<p>Zesp\u00f3\u0142 Przedszkoli w Zdziechowie<\/p>\n<p>Szko\u0142a Podstawowa w Go\u015blinowie<\/p>\n<p>Zesp\u00f3\u0142 Szk\u00f3\u0142 w Jankowie Dolnym<\/p>\n<p>Zesp\u00f3\u0142 Szk\u00f3\u0142 w Szczytnikach Duchownych<\/p>\n<p>Szko\u0142a Podstawowa w Zdziechowie<\/p>\n<p>&nbsp;<\/p>\n<style>\/*! elementor - v3.10.0 - 09-01-2023 *\/<br \/>\n.elementor-column .elementor-spacer-inner{height:var(--spacer-size)}.e-con{--container-widget-width:100%}.e-con-inner>.elementor-widget-spacer,.e-con>.elementor-widget-spacer{width:var(--container-widget-width,var(--spacer-size));--align-self:var(--container-widget-align-self,initial);--flex-shrink:0}.e-con-inner>.elementor-widget-spacer>.elementor-widget-container,.e-con-inner>.elementor-widget-spacer>.elementor-widget-container>.elementor-spacer,.e-con>.elementor-widget-spacer>.elementor-widget-container,.e-con>.elementor-widget-spacer>.elementor-widget-container>.elementor-spacer{height:100%}.e-con-inner>.elementor-widget-spacer>.elementor-widget-container>.elementor-spacer>.elementor-spacer-inner,.e-con>.elementor-widget-spacer>.elementor-widget-container>.elementor-spacer>.elementor-spacer-inner{height:var(--container-widget-height,var(--spacer-size))}<\/style>\n","protected":false},"excerpt":{"rendered":"<p>Zwi\u0119kszenie szans edukacyjnych i rozw\u00f3j potencja\u0142u dzieci ucz\u0119szczaj\u0105cych do plac\u00f3wek o\u015bwiatowych Gminy Gniezno Fundacja Pronautis wraz Gmina Gniezno realizuje projekt pn.\u00a0Zwi\u0119kszenie szans edukacyjnych i rozw\u00f3j potencja\u0142u dzieci ucz\u0119szczaj\u0105cych do plac\u00f3wek o\u015bwiatowych Gminy Gniezno\u00a0\u00a0dofinansowany ze \u015brodk\u00f3w Programu Regionalnego &#8220;Fundusze Europejskie dla Wielkopolski na lata 2021 &#8211; 2027&#8221; w ramach dzia\u0142ania 6.7.<\/p>\n","protected":false},"author":1,"featured_media":0,"parent":0,"menu_order":1,"comment_status":"closed","ping_status":"closed","template":"","meta":[],"_links":{"self":[{"href":"https:\/\/fundacjapronautis.pl\/index.php\/wp-json\/wp\/v2\/pages\/3910"}],"collection":[{"href":"https:\/\/fundacjapronautis.pl\/index.php\/wp-json\/wp\/v2\/pages"}],"about":[{"href":"https:\/\/fundacjapronautis.pl\/index.php\/wp-json\/wp\/v2\/types\/page"}],"author":[{"embeddable":true,"href":"https:\/\/fundacjapronautis.pl\/index.php\/wp-json\/wp\/v2\/users\/1"}],"replies":[{"embeddable":true,"href":"https:\/\/fundacjapronautis.pl\/index.php\/wp-json\/wp\/v2\/comments?post=3910"}],"version-history":[{"count":6,"href":"https:\/\/fundacjapronautis.pl\/index.php\/wp-json\/wp\/v2\/pages\/3910\/revisions"}],"predecessor-version":[{"id":3934,"href":"https:\/\/fundacjapronautis.pl\/index.php\/wp-json\/wp\/v2\/pages\/3910\/revisions\/3934"}],"wp:attachment":[{"href":"https:\/\/fundacjapronautis.pl\/index.php\/wp-json\/wp\/v2\/media?parent=3910"}],"curies":[{"name":"wp","href":"https:\/\/api.w.org\/{rel}","templated":true}]}}