{"id":588,"date":"2021-07-23T05:26:07","date_gmt":"2021-07-23T03:26:07","guid":{"rendered":"https:\/\/techbird.org\/omnivus\/?page_id=588"},"modified":"2025-05-14T13:43:34","modified_gmt":"2025-05-14T11:43:34","slug":"standardy-ochrony-maloletnich","status":"publish","type":"page","link":"https:\/\/fundacjapronautis.pl\/index.php\/standardy-ochrony-maloletnich\/","title":{"rendered":"Standardy Ochrony Ma\u0142oletnich"},"content":{"rendered":"\t\t<div data-elementor-type=\"wp-page\" data-elementor-id=\"588\" class=\"elementor elementor-588\">\n\t\t\t\t\t\t\t\t\t<section class=\"elementor-section elementor-top-section elementor-element elementor-element-062deef elementor-section-boxed elementor-section-height-default elementor-section-height-default\" data-id=\"062deef\" data-element_type=\"section\">\n\t\t\t\t\t\t<div class=\"elementor-container elementor-column-gap-default\">\n\t\t\t\t\t<div class=\"elementor-column elementor-col-100 elementor-top-column elementor-element elementor-element-09f9c28\" data-id=\"09f9c28\" data-element_type=\"column\">\n\t\t\t<div class=\"elementor-widget-wrap elementor-element-populated\">\n\t\t\t\t\t\t\t\t<div class=\"elementor-element elementor-element-b44f11c elementor-widget elementor-widget-heading\" data-id=\"b44f11c\" data-element_type=\"widget\" data-widget_type=\"heading.default\">\n\t\t\t\t<div class=\"elementor-widget-container\">\n\t\t\t<style>\/*! elementor - v3.10.0 - 09-01-2023 *\/\n.elementor-heading-title{padding:0;margin:0;line-height:1}.elementor-widget-heading .elementor-heading-title[class*=elementor-size-]>a{color:inherit;font-size:inherit;line-height:inherit}.elementor-widget-heading .elementor-heading-title.elementor-size-small{font-size:15px}.elementor-widget-heading .elementor-heading-title.elementor-size-medium{font-size:19px}.elementor-widget-heading .elementor-heading-title.elementor-size-large{font-size:29px}.elementor-widget-heading .elementor-heading-title.elementor-size-xl{font-size:39px}.elementor-widget-heading .elementor-heading-title.elementor-size-xxl{font-size:59px}<\/style><h1 class=\"elementor-heading-title elementor-size-default\"><b>Standardy Ochrony Ma\u0142oletnich<\/b><\/h1>\t\t<\/div>\n\t\t\t\t<\/div>\n\t\t\t\t\t<\/div>\n\t\t<\/div>\n\t\t\t\t\t\t\t<\/div>\n\t\t<\/section>\n\t\t\t\t<section class=\"elementor-section elementor-top-section elementor-element elementor-element-a33c2ae elementor-section-boxed elementor-section-height-default elementor-section-height-default\" data-id=\"a33c2ae\" data-element_type=\"section\">\n\t\t\t\t\t\t<div class=\"elementor-container elementor-column-gap-default\">\n\t\t\t\t\t<div class=\"elementor-column elementor-col-100 elementor-top-column elementor-element elementor-element-d88694e\" data-id=\"d88694e\" data-element_type=\"column\">\n\t\t\t<div class=\"elementor-widget-wrap elementor-element-populated\">\n\t\t\t\t\t\t\t\t<div class=\"elementor-element elementor-element-73be6ef elementor-widget elementor-widget-text-editor\" data-id=\"73be6ef\" data-element_type=\"widget\" data-widget_type=\"text-editor.default\">\n\t\t\t\t<div class=\"elementor-widget-container\">\n\t\t\t<style>\/*! elementor - v3.10.0 - 09-01-2023 *\/\n.elementor-widget-text-editor.elementor-drop-cap-view-stacked .elementor-drop-cap{background-color:#818a91;color:#fff}.elementor-widget-text-editor.elementor-drop-cap-view-framed .elementor-drop-cap{color:#818a91;border:3px solid;background-color:transparent}.elementor-widget-text-editor:not(.elementor-drop-cap-view-default) .elementor-drop-cap{margin-top:8px}.elementor-widget-text-editor:not(.elementor-drop-cap-view-default) .elementor-drop-cap-letter{width:1em;height:1em}.elementor-widget-text-editor .elementor-drop-cap{float:left;text-align:center;line-height:1;font-size:50px}.elementor-widget-text-editor .elementor-drop-cap-letter{display:inline-block}<\/style>\t\t\t\t<p>DO POBRANIA : <a href=\"https:\/\/fundacjapronautis.pl\/wp-content\/uploads\/2025\/04\/standardy-ochrony-maloletnich_wersja_1.pdf\">standardy-ochrony-maloletnich_wersja_1<\/a><\/p><p><img decoding=\"async\" loading=\"lazy\" class=\"alignnone size-large wp-image-3690\" src=\"https:\/\/fundacjapronautis.pl\/wp-content\/uploads\/2025\/04\/brw900f0c339460_004918-723x1024.jpg\" alt=\"\" width=\"640\" height=\"906\" srcset=\"https:\/\/fundacjapronautis.pl\/wp-content\/uploads\/2025\/04\/brw900f0c339460_004918-723x1024.jpg 723w, https:\/\/fundacjapronautis.pl\/wp-content\/uploads\/2025\/04\/brw900f0c339460_004918-212x300.jpg 212w, https:\/\/fundacjapronautis.pl\/wp-content\/uploads\/2025\/04\/brw900f0c339460_004918-768x1088.jpg 768w, https:\/\/fundacjapronautis.pl\/wp-content\/uploads\/2025\/04\/brw900f0c339460_004918-1084x1536.jpg 1084w, https:\/\/fundacjapronautis.pl\/wp-content\/uploads\/2025\/04\/brw900f0c339460_004918-1446x2048.jpg 1446w, https:\/\/fundacjapronautis.pl\/wp-content\/uploads\/2025\/04\/brw900f0c339460_004918-233x330.jpg 233w, https:\/\/fundacjapronautis.pl\/wp-content\/uploads\/2025\/04\/brw900f0c339460_004918-127x180.jpg 127w, https:\/\/fundacjapronautis.pl\/wp-content\/uploads\/2025\/04\/brw900f0c339460_004918-scaled.jpg 1807w\" sizes=\"(max-width: 640px) 100vw, 640px\" \/><\/p>\t\t\t\t\t\t<\/div>\n\t\t\t\t<\/div>\n\t\t\t\t\t<\/div>\n\t\t<\/div>\n\t\t\t\t\t\t\t<\/div>\n\t\t<\/section>\n\t\t\t\t<section class=\"elementor-section elementor-top-section elementor-element elementor-element-4db157e7 elementor-section-boxed elementor-section-height-default elementor-section-height-default\" data-id=\"4db157e7\" data-element_type=\"section\" data-settings=\"{&quot;background_background&quot;:&quot;classic&quot;}\">\n\t\t\t\t\t\t<div class=\"elementor-container elementor-column-gap-default\">\n\t\t\t\t\t<div class=\"elementor-column elementor-col-100 elementor-top-column elementor-element elementor-element-7fecd4dd\" data-id=\"7fecd4dd\" data-element_type=\"column\">\n\t\t\t<div class=\"elementor-widget-wrap elementor-element-populated\">\n\t\t\t\t\t\t\t\t<section class=\"elementor-section elementor-inner-section elementor-element elementor-element-3d8be1b4 elementor-section-boxed elementor-section-height-default elementor-section-height-default\" data-id=\"3d8be1b4\" data-element_type=\"section\">\n\t\t\t\t\t\t<div class=\"elementor-container elementor-column-gap-default\">\n\t\t\t\t\t<div class=\"elementor-column elementor-col-100 elementor-inner-column elementor-element elementor-element-7a6462c9\" data-id=\"7a6462c9\" data-element_type=\"column\">\n\t\t\t<div class=\"elementor-widget-wrap elementor-element-populated\">\n\t\t\t\t\t\t\t\t<div class=\"elementor-element elementor-element-5b8895d8 elementor-widget elementor-widget-heading\" data-id=\"5b8895d8\" data-element_type=\"widget\" data-widget_type=\"heading.default\">\n\t\t\t\t<div class=\"elementor-widget-container\">\n\t\t\t<h2 class=\"elementor-heading-title elementor-size-default\">News Feeds<\/h2>\t\t<\/div>\n\t\t\t\t<\/div>\n\t\t\t\t<div class=\"elementor-element elementor-element-7e91bb06 elementor-widget__width-initial elementor-widget elementor-widget-text-editor\" data-id=\"7e91bb06\" data-element_type=\"widget\" data-widget_type=\"text-editor.default\">\n\t\t\t\t<div class=\"elementor-widget-container\">\n\t\t\t\t\t\t\tDoes any industry face a more complex audience journey and marketing sales process than B2B technology.\t\t\t\t\t\t<\/div>\n\t\t\t\t<\/div>\n\t\t\t\t\t<\/div>\n\t\t<\/div>\n\t\t\t\t\t\t\t<\/div>\n\t\t<\/section>\n\t\t\t\t<section class=\"elementor-section elementor-inner-section elementor-element elementor-element-6341a06a elementor-section-boxed elementor-section-height-default elementor-section-height-default\" data-id=\"6341a06a\" data-element_type=\"section\">\n\t\t\t\t\t\t<div class=\"elementor-container elementor-column-gap-default\">\n\t\t\t\t\t<div class=\"elementor-column elementor-col-100 elementor-inner-column elementor-element elementor-element-972d01f\" data-id=\"972d01f\" data-element_type=\"column\">\n\t\t\t<div class=\"elementor-widget-wrap elementor-element-populated\">\n\t\t\t\t\t\t\t\t<div class=\"elementor-element elementor-element-6b93f8e5 elementor-widget elementor-widget-Ultimate_Post_Carousel\" data-id=\"6b93f8e5\" data-element_type=\"widget\" data-widget_type=\"Ultimate_Post_Carousel.default\">\n\t\t\t\t<div class=\"elementor-widget-container\">\n\t\t\t            <div class=\"sldier-content-area ultimate__post__content__layout-3 \">\n                <div class=\"ultimate-carousel-activation\" data-settings=\"{&quot;slideid&quot;:2245,&quot;arrows&quot;:false,&quot;arrow_prev_txt&quot;:null,&quot;arrow_next_txt&quot;:null,&quot;dots&quot;:false,&quot;autoplay&quot;:false,&quot;autoplay_speed&quot;:3000,&quot;animation_speed&quot;:300,&quot;pause_on_hover&quot;:true,&quot;center_mode&quot;:false,&quot;center_padding&quot;:0,&quot;rows&quot;:0,&quot;fade&quot;:false,&quot;focusonselect&quot;:false,&quot;vertical&quot;:false,&quot;rtl&quot;:false,&quot;infinite&quot;:true,&quot;display_columns&quot;:3,&quot;scroll_columns&quot;:1,&quot;tablet_width&quot;:750,&quot;tablet_display_columns&quot;:1,&quot;tablet_scroll_columns&quot;:1,&quot;mobile_width&quot;:480,&quot;mobile_display_columns&quot;:1,&quot;mobile_scroll_columns&quot;:1}\">\n\n                    \n                        \n                            <div class=\"ultimate__single__post ultimate__post__layout__3\" >\n                                \n            \n                                        <div class=\"post__content\">\n                    <div class=\"post__inner\">\n                                            <ul class=\"post__category\">\n                                            <li><a href=\"https:\/\/fundacjapronautis.pl\/index.php\/category\/bez-kategorii\/\" class=\"category bez-kategorii\">Bez kategorii<\/a><\/li>\n                                    <\/ul>\n                                                    <h3 class=\"post__title\"><a href=\"https:\/\/fundacjapronautis.pl\/index.php\/2026\/04\/01\/terapia-z-sercem-psy-i-konie-wspieraja-dzieci-z-gminy-gniezno\/\">Terapia z sercem &#8211; psy<\/a><\/h3>\n                                                                                                                    <\/div>\n                <\/div>\n            \n                                    <\/div>\n\n                        \n                    \n                        \n                            <div class=\"ultimate__single__post ultimate__post__layout__3\" >\n                                \n            \n                                    <div class=\"post__thumb\">\n                <a href=\"https:\/\/fundacjapronautis.pl\/index.php\/2026\/03\/31\/3995\/\"><img decoding=\"async\" src=\"https:\/\/fundacjapronautis.pl\/wp-content\/uploads\/2026\/04\/660512113_968580355686429_6522021428079319288_n-400x400.jpg\" alt=\"Seniorzy Gminy Gniezno w dzia\u0142aniu!\"><\/a>\n            <\/div>\n                        <div class=\"post__content\">\n                    <div class=\"post__inner\">\n                                            <ul class=\"post__category\">\n                                            <li><a href=\"https:\/\/fundacjapronautis.pl\/index.php\/category\/bez-kategorii\/\" class=\"category bez-kategorii\">Bez kategorii<\/a><\/li>\n                                    <\/ul>\n                                                    <h3 class=\"post__title\"><a href=\"https:\/\/fundacjapronautis.pl\/index.php\/2026\/03\/31\/3995\/\">Seniorzy Gminy Gniezno w dzia\u0142aniu!<\/a><\/h3>\n                                                                                                                    <\/div>\n                <\/div>\n            \n                                    <\/div>\n\n                        \n                    \n                        \n                            <div class=\"ultimate__single__post ultimate__post__layout__3\" >\n                                \n            \n                                    <div class=\"post__thumb\">\n                <a href=\"https:\/\/fundacjapronautis.pl\/index.php\/2026\/03\/12\/zapraszamy-na-letnie-wrsztaty-jezdzieckie\/\"><img decoding=\"async\" src=\"https:\/\/fundacjapronautis.pl\/wp-content\/uploads\/2026\/03\/pronautis-warsztaty-jezdzieckie-przyjazna-przystan-2026-_M-400x400.jpg\" alt=\"Zapraszamy na letnie wrsztaty je\u017adzieckie!\"><\/a>\n            <\/div>\n                        <div class=\"post__content\">\n                    <div class=\"post__inner\">\n                                            <ul class=\"post__category\">\n                                            <li><a href=\"https:\/\/fundacjapronautis.pl\/index.php\/category\/bez-kategorii\/\" class=\"category bez-kategorii\">Bez kategorii<\/a><\/li>\n                                    <\/ul>\n                                                    <h3 class=\"post__title\"><a href=\"https:\/\/fundacjapronautis.pl\/index.php\/2026\/03\/12\/zapraszamy-na-letnie-wrsztaty-jezdzieckie\/\">Zapraszamy na letnie wrsztaty je\u017adzieckie!<\/a><\/h3>\n                                                                                                                    <\/div>\n                <\/div>\n            \n                                    <\/div>\n\n                        \n                    \n                <\/div>\n\n                \n            <\/div>\n        \t\t<\/div>\n\t\t\t\t<\/div>\n\t\t\t\t\t<\/div>\n\t\t<\/div>\n\t\t\t\t\t\t\t<\/div>\n\t\t<\/section>\n\t\t\t\t\t<\/div>\n\t\t<\/div>\n\t\t\t\t\t\t\t<\/div>\n\t\t<\/section>\n\t\t\t\t\t\t\t<\/div>\n\t\t","protected":false},"excerpt":{"rendered":"<p>Standardy Ochrony Ma\u0142oletnich DO POBRANIA : standardy-ochrony-maloletnich_wersja_1 News Feeds Does any industry face a more complex audience journey and marketing sales process than B2B technology. Bez kategorii Projekt z zakresu edukacji w\u0142\u0105czaj\u0105cej Bez kategorii Dzi\u0119kujemy za 2024 rok! Bez kategorii Wso\u0142ych \u015awi\u0105t!<\/p>\n","protected":false},"author":1,"featured_media":0,"parent":0,"menu_order":0,"comment_status":"closed","ping_status":"closed","template":"composer.php","meta":[],"_links":{"self":[{"href":"https:\/\/fundacjapronautis.pl\/index.php\/wp-json\/wp\/v2\/pages\/588"}],"collection":[{"href":"https:\/\/fundacjapronautis.pl\/index.php\/wp-json\/wp\/v2\/pages"}],"about":[{"href":"https:\/\/fundacjapronautis.pl\/index.php\/wp-json\/wp\/v2\/types\/page"}],"author":[{"embeddable":true,"href":"https:\/\/fundacjapronautis.pl\/index.php\/wp-json\/wp\/v2\/users\/1"}],"replies":[{"embeddable":true,"href":"https:\/\/fundacjapronautis.pl\/index.php\/wp-json\/wp\/v2\/comments?post=588"}],"version-history":[{"count":17,"href":"https:\/\/fundacjapronautis.pl\/index.php\/wp-json\/wp\/v2\/pages\/588\/revisions"}],"predecessor-version":[{"id":3740,"href":"https:\/\/fundacjapronautis.pl\/index.php\/wp-json\/wp\/v2\/pages\/588\/revisions\/3740"}],"wp:attachment":[{"href":"https:\/\/fundacjapronautis.pl\/index.php\/wp-json\/wp\/v2\/media?parent=588"}],"curies":[{"name":"wp","href":"https:\/\/api.w.org\/{rel}","templated":true}]}}